{"id":90945,"date":"2025-11-12T07:42:30","date_gmt":"2025-11-12T06:42:30","guid":{"rendered":"https:\/\/www.ernstbrunn-apotheke.at\/katalog\/produkt\/apozema-tropfen-nr-6-bryonia-50-ml\/"},"modified":"2025-12-08T20:23:12","modified_gmt":"2025-12-08T19:23:12","slug":"apozema-tropfen-nr-6-bryonia-50-ml","status":"publish","type":"product","link":"https:\/\/www.ernstbrunn-apotheke.at\/katalog\/produkt\/apozema-tropfen-nr-6-bryonia-50-ml\/","title":{"rendered":"Apozema Tropfen Nr. 6 Bryonia 50 ml"},"content":{"rendered":"<p>APOZEMA Bandscheiben- und Gelenk-Tropfen Nr. 6 von APOMEDICA regen die Selbstheilungskr\u00e4fte gem\u00e4\u00df dem hom\u00f6opathischen Arzneimittelbild bei Bandscheibensch\u00e4den, Kreuz- und R\u00fcckenschmerzen, Hexenschuss und zur Unterst\u00fctzung einer Behandlung von Gicht und Rheumatismus an.<\/p>\n","protected":false},"excerpt":{"rendered":"<p>APOZEMA Bandscheiben- und Gelenk-Tropfen Nr. 6 von APOMEDICA regen die Selbstheilungskr\u00e4fte gem\u00e4\u00df dem hom\u00f6opathischen Arzneimittelbild bei Bandscheibensch\u00e4den, Kreuz- und R\u00fcckenschmerzen, Hexenschuss und zur Unterst\u00fctzung einer Behandlung von Gicht und Rheumatismus an.<\/p>\n","protected":false},"featured_media":90947,"template":"","meta":{"_acf_changed":false},"product_brand":[935],"product_cat":[801],"product_tag":[],"class_list":{"0":"post-90945","1":"product","2":"type-product","3":"status-publish","4":"has-post-thumbnail","6":"product_brand-apozema","7":"product_cat-a","8":"pa_packungsgroesse-50ml","10":"first","11":"instock","12":"shipping-taxable","13":"purchasable","14":"product-type-simple"},"acf":[],"_links":{"self":[{"href":"https:\/\/www.ernstbrunn-apotheke.at\/katalog\/wp-json\/wp\/v2\/product\/90945","targetHints":{"allow":["GET"]}}],"collection":[{"href":"https:\/\/www.ernstbrunn-apotheke.at\/katalog\/wp-json\/wp\/v2\/product"}],"about":[{"href":"https:\/\/www.ernstbrunn-apotheke.at\/katalog\/wp-json\/wp\/v2\/types\/product"}],"wp:featuredmedia":[{"embeddable":true,"href":"https:\/\/www.ernstbrunn-apotheke.at\/katalog\/wp-json\/wp\/v2\/media\/90947"}],"wp:attachment":[{"href":"https:\/\/www.ernstbrunn-apotheke.at\/katalog\/wp-json\/wp\/v2\/media?parent=90945"}],"wp:term":[{"taxonomy":"product_brand","embeddable":true,"href":"https:\/\/www.ernstbrunn-apotheke.at\/katalog\/wp-json\/wp\/v2\/product_brand?post=90945"},{"taxonomy":"product_cat","embeddable":true,"href":"https:\/\/www.ernstbrunn-apotheke.at\/katalog\/wp-json\/wp\/v2\/product_cat?post=90945"},{"taxonomy":"product_tag","embeddable":true,"href":"https:\/\/www.ernstbrunn-apotheke.at\/katalog\/wp-json\/wp\/v2\/product_tag?post=90945"}],"curies":[{"name":"wp","href":"https:\/\/api.w.org\/{rel}","templated":true}]}}