{"id":90690,"date":"2025-11-12T07:37:18","date_gmt":"2025-11-12T06:37:18","guid":{"rendered":"https:\/\/www.ernstbrunn-apotheke.at\/katalog\/produkt\/similasan-trockene-augen-augentropfen\/"},"modified":"2025-12-08T20:22:00","modified_gmt":"2025-12-08T19:22:00","slug":"similasan-trockene-augen-augentropfen","status":"publish","type":"product","link":"https:\/\/www.ernstbrunn-apotheke.at\/katalog\/produkt\/similasan-trockene-augen-augentropfen\/","title":{"rendered":"Similasan Trockene Augen Augentropfen"},"content":{"rendered":"<p>Similasan\u00ae Augentropfen wirken bei Entz\u00fcndung und Reizung der Augen sowie bei \u00dcberm\u00fcdung (Fernsehen, Lesen). Auch bei tr\u00e4nenden Augen, Sandgef\u00fchl, Lichtempfindlichkeit und Lidrandentz\u00fcndung.<\/p>\n","protected":false},"excerpt":{"rendered":"<p>Similasan\u00ae Augentropfen wirken bei Entz\u00fcndung und Reizung der Augen sowie bei \u00dcberm\u00fcdung (Fernsehen, Lesen). Auch bei tr\u00e4nenden Augen, Sandgef\u00fchl, Lichtempfindlichkeit und Lidrandentz\u00fcndung.<\/p>\n","protected":false},"featured_media":90692,"template":"","meta":{"_acf_changed":false},"product_brand":[932],"product_cat":[791],"product_tag":[],"class_list":{"0":"post-90690","1":"product","2":"type-product","3":"status-publish","4":"has-post-thumbnail","6":"product_brand-similasan","7":"product_cat-s","8":"pa_packungsgroesse-10ml","10":"first","11":"instock","12":"shipping-taxable","13":"purchasable","14":"product-type-simple"},"acf":[],"_links":{"self":[{"href":"https:\/\/www.ernstbrunn-apotheke.at\/katalog\/wp-json\/wp\/v2\/product\/90690","targetHints":{"allow":["GET"]}}],"collection":[{"href":"https:\/\/www.ernstbrunn-apotheke.at\/katalog\/wp-json\/wp\/v2\/product"}],"about":[{"href":"https:\/\/www.ernstbrunn-apotheke.at\/katalog\/wp-json\/wp\/v2\/types\/product"}],"wp:featuredmedia":[{"embeddable":true,"href":"https:\/\/www.ernstbrunn-apotheke.at\/katalog\/wp-json\/wp\/v2\/media\/90692"}],"wp:attachment":[{"href":"https:\/\/www.ernstbrunn-apotheke.at\/katalog\/wp-json\/wp\/v2\/media?parent=90690"}],"wp:term":[{"taxonomy":"product_brand","embeddable":true,"href":"https:\/\/www.ernstbrunn-apotheke.at\/katalog\/wp-json\/wp\/v2\/product_brand?post=90690"},{"taxonomy":"product_cat","embeddable":true,"href":"https:\/\/www.ernstbrunn-apotheke.at\/katalog\/wp-json\/wp\/v2\/product_cat?post=90690"},{"taxonomy":"product_tag","embeddable":true,"href":"https:\/\/www.ernstbrunn-apotheke.at\/katalog\/wp-json\/wp\/v2\/product_tag?post=90690"}],"curies":[{"name":"wp","href":"https:\/\/api.w.org\/{rel}","templated":true}]}}