{"id":9068,"date":"2025-11-07T13:52:34","date_gmt":"2025-11-07T12:52:34","guid":{"rendered":"https:\/\/www.ernstbrunn-apotheke.at\/katalog\/produkt\/doppelherz-augen-sehkraft-schutz-2-kapsel-system-120-stk\/"},"modified":"2025-12-08T13:26:49","modified_gmt":"2025-12-08T12:26:49","slug":"doppelherz-augen-sehkraft-schutz-2-kapsel-system-120-stk","status":"publish","type":"product","link":"https:\/\/www.ernstbrunn-apotheke.at\/katalog\/produkt\/doppelherz-augen-sehkraft-schutz-2-kapsel-system-120-stk\/","title":{"rendered":"Doppelherz Augen Sehkraft + Schutz 2 Kapsel-System 120 Stk."},"content":{"rendered":"<p>Augen Plus Sehkraft+Schutz 2 Kapsel-System enth\u00e4lt eine Kombination aus Inhaltsstoffen, die zum Erhalt der normalen Sehkraft und zum Zellschutz beitragen. Die Doppelherz Augenprodukte sind nach aktuellen ern\u00e4hrungswissenschaftlichen Erkenntnissen zusammensetzt und auf unterschiedliche Bed\u00fcrfnisse abgestimmt. Dieses Produkt ist in den Packungsgr\u00f6\u00dfen 60 und 120 St\u00fcck erh\u00e4ltlich.<\/p>\n","protected":false},"excerpt":{"rendered":"<p>Augen Plus Sehkraft+Schutz 2 Kapsel-System enth\u00e4lt eine Kombination aus Inhaltsstoffen, die zum Erhalt der normalen Sehkraft und zum Zellschutz beitragen. Die Doppelherz Augenprodukte sind nach aktuellen ern\u00e4hrungswissenschaftlichen Erkenntnissen zusammensetzt und auf unterschiedliche Bed\u00fcrfnisse abgestimmt. Dieses Produkt ist in den Packungsgr\u00f6\u00dfen 60 und 120 St\u00fcck erh\u00e4ltlich.<\/p>\n","protected":false},"featured_media":9070,"template":"","meta":{"_acf_changed":false},"product_brand":[410],"product_cat":[792],"product_tag":[],"class_list":{"0":"post-9068","1":"product","2":"type-product","3":"status-publish","4":"has-post-thumbnail","6":"product_brand-doppelherz","7":"product_cat-d","8":"pa_packungsgroesse-120-stueck","9":"pa_packungsgroesse-60-stueck","11":"first","12":"instock","13":"shipping-taxable","14":"purchasable","15":"product-type-simple"},"acf":[],"_links":{"self":[{"href":"https:\/\/www.ernstbrunn-apotheke.at\/katalog\/wp-json\/wp\/v2\/product\/9068","targetHints":{"allow":["GET"]}}],"collection":[{"href":"https:\/\/www.ernstbrunn-apotheke.at\/katalog\/wp-json\/wp\/v2\/product"}],"about":[{"href":"https:\/\/www.ernstbrunn-apotheke.at\/katalog\/wp-json\/wp\/v2\/types\/product"}],"wp:featuredmedia":[{"embeddable":true,"href":"https:\/\/www.ernstbrunn-apotheke.at\/katalog\/wp-json\/wp\/v2\/media\/9070"}],"wp:attachment":[{"href":"https:\/\/www.ernstbrunn-apotheke.at\/katalog\/wp-json\/wp\/v2\/media?parent=9068"}],"wp:term":[{"taxonomy":"product_brand","embeddable":true,"href":"https:\/\/www.ernstbrunn-apotheke.at\/katalog\/wp-json\/wp\/v2\/product_brand?post=9068"},{"taxonomy":"product_cat","embeddable":true,"href":"https:\/\/www.ernstbrunn-apotheke.at\/katalog\/wp-json\/wp\/v2\/product_cat?post=9068"},{"taxonomy":"product_tag","embeddable":true,"href":"https:\/\/www.ernstbrunn-apotheke.at\/katalog\/wp-json\/wp\/v2\/product_tag?post=9068"}],"curies":[{"name":"wp","href":"https:\/\/api.w.org\/{rel}","templated":true}]}}