{"id":90672,"date":"2025-11-12T07:36:42","date_gmt":"2025-11-12T06:36:42","guid":{"rendered":"https:\/\/www.ernstbrunn-apotheke.at\/katalog\/produkt\/similasan-anti-allergische-augentropfen\/"},"modified":"2025-12-08T20:21:54","modified_gmt":"2025-12-08T19:21:54","slug":"similasan-anti-allergische-augentropfen","status":"publish","type":"product","link":"https:\/\/www.ernstbrunn-apotheke.at\/katalog\/produkt\/similasan-anti-allergische-augentropfen\/","title":{"rendered":"Similasan Anti-Allergische Augentropfen"},"content":{"rendered":"<p>Nachdem im Juli 2013 die Jacoby GM Pharma aus der Fusion der Jacoby Pharmazeutika und der GM Pharma entstand kam es mit Oktober 2015 zum weiteren Zusammenschluss der privaten Gro\u00e1h\u00e4ndler. K\u00f6gl Pharma mit Sitz in Innsbruck brachte seinen Betrieb in das gemeinsame nunmehr noch st\u00e4rkere Unternehmen ein. Jacoby Pharmazeutika, GM Pharma und K\u00f6gl Pharma bringen eine lange Tradition und Geschichte sowie ein \u00e4hnliches Werteverst\u00e4ndnis in das gemeinsame Unternehmen ein.<\/p>\n","protected":false},"excerpt":{"rendered":"<p>Nachdem im Juli 2013 die Jacoby GM Pharma aus der Fusion der Jacoby Pharmazeutika und der GM Pharma entstand kam es mit Oktober 2015 zum weiteren Zusammenschluss der privaten Gro\u00e1h\u00e4ndler. K\u00f6gl Pharma mit Sitz in Innsbruck brachte seinen Betrieb in das gemeinsame nunmehr noch st\u00e4rkere Unternehmen ein. Jacoby Pharmazeutika, GM Pharma und K\u00f6gl Pharma bringen [&hellip;]<\/p>\n","protected":false},"featured_media":90674,"template":"","meta":{"_acf_changed":false},"product_brand":[932],"product_cat":[791],"product_tag":[],"class_list":{"0":"post-90672","1":"product","2":"type-product","3":"status-publish","4":"has-post-thumbnail","6":"product_brand-similasan","7":"product_cat-s","8":"pa_packungsgroesse-10ml","10":"first","11":"instock","12":"shipping-taxable","13":"purchasable","14":"product-type-simple"},"acf":[],"_links":{"self":[{"href":"https:\/\/www.ernstbrunn-apotheke.at\/katalog\/wp-json\/wp\/v2\/product\/90672","targetHints":{"allow":["GET"]}}],"collection":[{"href":"https:\/\/www.ernstbrunn-apotheke.at\/katalog\/wp-json\/wp\/v2\/product"}],"about":[{"href":"https:\/\/www.ernstbrunn-apotheke.at\/katalog\/wp-json\/wp\/v2\/types\/product"}],"wp:featuredmedia":[{"embeddable":true,"href":"https:\/\/www.ernstbrunn-apotheke.at\/katalog\/wp-json\/wp\/v2\/media\/90674"}],"wp:attachment":[{"href":"https:\/\/www.ernstbrunn-apotheke.at\/katalog\/wp-json\/wp\/v2\/media?parent=90672"}],"wp:term":[{"taxonomy":"product_brand","embeddable":true,"href":"https:\/\/www.ernstbrunn-apotheke.at\/katalog\/wp-json\/wp\/v2\/product_brand?post=90672"},{"taxonomy":"product_cat","embeddable":true,"href":"https:\/\/www.ernstbrunn-apotheke.at\/katalog\/wp-json\/wp\/v2\/product_cat?post=90672"},{"taxonomy":"product_tag","embeddable":true,"href":"https:\/\/www.ernstbrunn-apotheke.at\/katalog\/wp-json\/wp\/v2\/product_tag?post=90672"}],"curies":[{"name":"wp","href":"https:\/\/api.w.org\/{rel}","templated":true}]}}