{"id":90662,"date":"2025-11-12T07:36:42","date_gmt":"2025-11-12T06:36:42","guid":{"rendered":"https:\/\/www.ernstbrunn-apotheke.at\/katalog\/produkt\/weleda-euphrasia-d-3-augentropfen\/"},"modified":"2025-12-08T20:21:52","modified_gmt":"2025-12-08T19:21:52","slug":"weleda-euphrasia-d-3-augentropfen","status":"publish","type":"product","link":"https:\/\/www.ernstbrunn-apotheke.at\/katalog\/produkt\/weleda-euphrasia-d-3-augentropfen\/","title":{"rendered":"Weleda Euphrasia D 3 Augentropfen"},"content":{"rendered":"<p>Weleda Euphrasia D3 Augentropfen wirken lindernd bei ger\u00f6teten und tr\u00e4nenden Augen. Augentrost beruhigt unangenehmes Brennen und Jucken und l\u00e4sst leichte, nicht-infekti\u00f6se Bindehautentz\u00fcndungen z. B. durch Reize wie Pollen, Zugluft oder Rauch, schnell abklingen \u2013 alle Produkte von Weleda online bestellen!<\/p>\n","protected":false},"excerpt":{"rendered":"<p>Weleda Euphrasia D3 Augentropfen wirken lindernd bei ger\u00f6teten und tr\u00e4nenden Augen. Augentrost beruhigt unangenehmes Brennen und Jucken und l\u00e4sst leichte, nicht-infekti\u00f6se Bindehautentz\u00fcndungen z. B. durch Reize wie Pollen, Zugluft oder Rauch, schnell abklingen \u2013 alle Produkte von Weleda online bestellen!<\/p>\n","protected":false},"featured_media":90664,"template":"","meta":{"_acf_changed":false},"product_brand":[567],"product_cat":[796],"product_tag":[],"class_list":{"0":"post-90662","1":"product","2":"type-product","3":"status-publish","4":"has-post-thumbnail","6":"product_brand-weleda","7":"product_cat-w","8":"pa_packungsgroesse-10ml","10":"first","11":"instock","12":"shipping-taxable","13":"purchasable","14":"product-type-simple"},"acf":[],"_links":{"self":[{"href":"https:\/\/www.ernstbrunn-apotheke.at\/katalog\/wp-json\/wp\/v2\/product\/90662","targetHints":{"allow":["GET"]}}],"collection":[{"href":"https:\/\/www.ernstbrunn-apotheke.at\/katalog\/wp-json\/wp\/v2\/product"}],"about":[{"href":"https:\/\/www.ernstbrunn-apotheke.at\/katalog\/wp-json\/wp\/v2\/types\/product"}],"wp:featuredmedia":[{"embeddable":true,"href":"https:\/\/www.ernstbrunn-apotheke.at\/katalog\/wp-json\/wp\/v2\/media\/90664"}],"wp:attachment":[{"href":"https:\/\/www.ernstbrunn-apotheke.at\/katalog\/wp-json\/wp\/v2\/media?parent=90662"}],"wp:term":[{"taxonomy":"product_brand","embeddable":true,"href":"https:\/\/www.ernstbrunn-apotheke.at\/katalog\/wp-json\/wp\/v2\/product_brand?post=90662"},{"taxonomy":"product_cat","embeddable":true,"href":"https:\/\/www.ernstbrunn-apotheke.at\/katalog\/wp-json\/wp\/v2\/product_cat?post=90662"},{"taxonomy":"product_tag","embeddable":true,"href":"https:\/\/www.ernstbrunn-apotheke.at\/katalog\/wp-json\/wp\/v2\/product_tag?post=90662"}],"curies":[{"name":"wp","href":"https:\/\/api.w.org\/{rel}","templated":true}]}}