{"id":90544,"date":"2025-11-12T07:33:58","date_gmt":"2025-11-12T06:33:58","guid":{"rendered":"https:\/\/www.ernstbrunn-apotheke.at\/katalog\/produkt\/mundisal-gel\/"},"modified":"2025-12-08T20:21:16","modified_gmt":"2025-12-08T19:21:16","slug":"mundisal-gel","status":"publish","type":"product","link":"https:\/\/www.ernstbrunn-apotheke.at\/katalog\/produkt\/mundisal-gel\/","title":{"rendered":"Mundisal Gel"},"content":{"rendered":"<p>Mundisal Gel eignet sich zur Behandlung von Schmerzen und Entz\u00fcndungen, bei Verletzungen und Geschw\u00fcren im Mund-, Nasen- und Rachenraum, wie zum Beispiel Druck- und Wundstellen durch Zahnprothesen und kieferorthop\u00e4dische Apparate, Zahnungsbeschwerden. Mundisal Gel ist zuckerfrei und gut schleimhautvertr\u00e4glich.<\/p>\n","protected":false},"excerpt":{"rendered":"<p>Mundisal Gel eignet sich zur Behandlung von Schmerzen und Entz\u00fcndungen, bei Verletzungen und Geschw\u00fcren im Mund-, Nasen- und Rachenraum, wie zum Beispiel Druck- und Wundstellen durch Zahnprothesen und kieferorthop\u00e4dische Apparate, Zahnungsbeschwerden. Mundisal Gel ist zuckerfrei und gut schleimhautvertr\u00e4glich.<\/p>\n","protected":false},"featured_media":90546,"template":"","meta":{"_acf_changed":false},"product_brand":[],"product_cat":[800],"product_tag":[],"class_list":{"0":"post-90544","1":"product","2":"type-product","3":"status-publish","4":"has-post-thumbnail","6":"product_cat-m","7":"pa_packungsgroesse-8g","9":"first","10":"instock","11":"shipping-taxable","12":"purchasable","13":"product-type-simple"},"acf":[],"_links":{"self":[{"href":"https:\/\/www.ernstbrunn-apotheke.at\/katalog\/wp-json\/wp\/v2\/product\/90544","targetHints":{"allow":["GET"]}}],"collection":[{"href":"https:\/\/www.ernstbrunn-apotheke.at\/katalog\/wp-json\/wp\/v2\/product"}],"about":[{"href":"https:\/\/www.ernstbrunn-apotheke.at\/katalog\/wp-json\/wp\/v2\/types\/product"}],"wp:featuredmedia":[{"embeddable":true,"href":"https:\/\/www.ernstbrunn-apotheke.at\/katalog\/wp-json\/wp\/v2\/media\/90546"}],"wp:attachment":[{"href":"https:\/\/www.ernstbrunn-apotheke.at\/katalog\/wp-json\/wp\/v2\/media?parent=90544"}],"wp:term":[{"taxonomy":"product_brand","embeddable":true,"href":"https:\/\/www.ernstbrunn-apotheke.at\/katalog\/wp-json\/wp\/v2\/product_brand?post=90544"},{"taxonomy":"product_cat","embeddable":true,"href":"https:\/\/www.ernstbrunn-apotheke.at\/katalog\/wp-json\/wp\/v2\/product_cat?post=90544"},{"taxonomy":"product_tag","embeddable":true,"href":"https:\/\/www.ernstbrunn-apotheke.at\/katalog\/wp-json\/wp\/v2\/product_tag?post=90544"}],"curies":[{"name":"wp","href":"https:\/\/api.w.org\/{rel}","templated":true}]}}