{"id":90532,"date":"2025-11-12T07:33:58","date_gmt":"2025-11-12T06:33:58","guid":{"rendered":"https:\/\/www.ernstbrunn-apotheke.at\/katalog\/produkt\/der-echte-schwedenbitter-2\/"},"modified":"2025-12-08T20:21:12","modified_gmt":"2025-12-08T19:21:12","slug":"der-echte-schwedenbitter-2","status":"publish","type":"product","link":"https:\/\/www.ernstbrunn-apotheke.at\/katalog\/produkt\/der-echte-schwedenbitter-2\/","title":{"rendered":"Der echte Schwedenbitter"},"content":{"rendered":"<p>Seit vier Generationen in der Sternapotheke in Linz, Urfahr, nach allen Regeln der pharmazeutischen Kunst hergestellt und abgef\u00fcllt \u2014 der \u201eechte\u201c Schwedenbitter.<\/p>\n<p>Als Lebenselixier, in \u00fcberlieferten Schriften auch Wunderbalsam genannt und zur\u00fcckzuf\u00fchren auf Maria v. Treben, ist der Schwedenbitter ein Teil der \u00f6sterreichischen Tradition und aus der Volksmedizin nicht wegzudenken.<\/p>\n<p>Den neuesten pharmazeutischen Erkenntnissen angepasst und verfeinert, werden 18 verschiedene Kr\u00e4uter nach einem speziellen Verfahren drei Monate in einem dunklen Raum angesetzt, nach alter Tradition abgepresst, filtriert und geschmacklich verfeinert \u2014 Flasche f\u00fcr Flache ein Unikat.<\/p>\n<p>F\u00fcr die Herstellung des \u201eechten\u201c Schwedenbitter werden nur speziell ausgew\u00e4hlte Pflanzen verwendet, deren Herkunft und Ernteverfahren genau gepr\u00fcft wurden.<\/p>\n<p>Die dunkelbraune Farbe, die Undurchsichtigkeit und Einzigartigkeit im Geschmack sind die Merkmale f\u00fcr die Qualit\u00e4t und gew\u00e4hrleisten den richtigen Gehalt an Wirkstoffen.<\/p>\n<p>Mit Wasser verd\u00fcnnt, um die Wirkstoffe besser im ganzen K\u00f6rper zu verteilen, gilt er t\u00e4glich anwendbar als DAS Hausmittel.<\/p>\n<p>Als idealer Reisebegleiter, zur Kr\u00f6nung eines wunderbaren Festmahls oder der, der es immer richtet \u2014 so ist der \u201eechte\u201c Schwedenbitter \u00fcber die Grenzen hinaus bekannt.<\/p>\n<p>Zum Auflegen, Eintauchen, Einreiben oder genussvoll Trinken \u2014 die Anwendungsform ist beinahe unbegrenzt und mit vielen Erfolgsgeschichten ausgezeichnet.<\/p>\n<p>\u00a0<\/p>\n<p>Alkoholgehalt 30%.<\/p>\n<p><strong>\u00a0<\/strong><\/p>\n<p><strong>Geniessen Sie den \u201eechten\u201c Schwedenbitter<\/strong><\/p>\n<p><strong>\u2026von Hand gemacht,<\/strong><\/p>\n<p><strong>\u2026f\u00fcr Sie vollbracht,<\/strong><\/p>\n<p><strong>\u2026f\u00fcr den Alltag gedacht.<\/strong><\/p>\n","protected":false},"excerpt":{"rendered":"<p>Seit vier Generationen in der Sternapotheke in Linz, Urfahr, nach allen Regeln der pharmazeutischen Kunst hergestellt und abgef\u00fcllt \u2014 der \u201eechte\u201c Schwedenbitter. Als Lebenselixier, in \u00fcberlieferten Schriften auch Wunderbalsam genannt und zur\u00fcckzuf\u00fchren auf Maria v. Treben, ist der Schwedenbitter ein Teil der \u00f6sterreichischen Tradition und aus der Volksmedizin nicht wegzudenken. Den neuesten pharmazeutischen Erkenntnissen angepasst [&hellip;]<\/p>\n","protected":false},"featured_media":90534,"template":"","meta":{"_acf_changed":false},"product_brand":[865],"product_cat":[792],"product_tag":[],"class_list":{"0":"post-90532","1":"product","2":"type-product","3":"status-publish","4":"has-post-thumbnail","6":"product_brand-der-echte-schwedenbitter","7":"product_cat-d","8":"pa_packungsgroesse-700ml","10":"first","11":"instock","12":"shipping-taxable","13":"purchasable","14":"product-type-simple"},"acf":[],"_links":{"self":[{"href":"https:\/\/www.ernstbrunn-apotheke.at\/katalog\/wp-json\/wp\/v2\/product\/90532","targetHints":{"allow":["GET"]}}],"collection":[{"href":"https:\/\/www.ernstbrunn-apotheke.at\/katalog\/wp-json\/wp\/v2\/product"}],"about":[{"href":"https:\/\/www.ernstbrunn-apotheke.at\/katalog\/wp-json\/wp\/v2\/types\/product"}],"wp:featuredmedia":[{"embeddable":true,"href":"https:\/\/www.ernstbrunn-apotheke.at\/katalog\/wp-json\/wp\/v2\/media\/90534"}],"wp:attachment":[{"href":"https:\/\/www.ernstbrunn-apotheke.at\/katalog\/wp-json\/wp\/v2\/media?parent=90532"}],"wp:term":[{"taxonomy":"product_brand","embeddable":true,"href":"https:\/\/www.ernstbrunn-apotheke.at\/katalog\/wp-json\/wp\/v2\/product_brand?post=90532"},{"taxonomy":"product_cat","embeddable":true,"href":"https:\/\/www.ernstbrunn-apotheke.at\/katalog\/wp-json\/wp\/v2\/product_cat?post=90532"},{"taxonomy":"product_tag","embeddable":true,"href":"https:\/\/www.ernstbrunn-apotheke.at\/katalog\/wp-json\/wp\/v2\/product_tag?post=90532"}],"curies":[{"name":"wp","href":"https:\/\/api.w.org\/{rel}","templated":true}]}}