{"id":90507,"date":"2025-11-12T07:33:12","date_gmt":"2025-11-12T06:33:12","guid":{"rendered":"https:\/\/www.ernstbrunn-apotheke.at\/katalog\/produkt\/bano-arlberger-schwedenbitter\/"},"modified":"2025-12-08T20:28:04","modified_gmt":"2025-12-08T19:28:04","slug":"bano-arlberger-schwedenbitter","status":"publish","type":"product","link":"https:\/\/www.ernstbrunn-apotheke.at\/katalog\/produkt\/bano-arlberger-schwedenbitter\/","title":{"rendered":"Bano Arlberger Schwedenbitter"},"content":{"rendered":"<p>Nahrungserg\u00e4nzungsmittel hergestellt nach Originalrezept mit ausgew\u00e4hlten Kr\u00e4utern, Wurzeln und Safran.\u00a0<\/p>\n<p>Schwedenbitter hat schon seit dem 17. Jahrhundert einen fixen Platz in den Hausapotheken. Fr\u00fcher noch f\u00fcr s\u00e4mtliche Wehwehchen eingesetzt, wird er heutzutage prim\u00e4r zur F\u00f6rderung des Wohlbefindens nach Mahlzeiten eingenommen. Insbesondere Maria Treben hat durch ihre Ver\u00f6ffentlichung \u201eGesundheit aus der Apotheke Gottes\u201c den Schwedenbitter zu einem der bekanntesten und beliebtesten Hausmittel gemacht.<\/p>\n<p>Unser Schwedenbitter enth\u00e4lt nur Alkohol, Wasser und alkoholische Kr\u00e4uterextrakte.<\/p>\n<p>&#13;<\/p>\n<p>\u00a0<\/p>\n<p>&#13;<\/p>\n<p><strong>Wirkung<\/strong><\/p>\n<p>&#13;<\/p>\n<p>Bitterstoffe sind wertvolle Helfer im Rahmen der Verdauung. Wird bittere Nahrung aufgenommen, so melden dies die Bitterrezeptoren, was zu einer vermehrten Produktion von Magens\u00e4ure f\u00fchrt. In Leber und Bauchspeicheldr\u00fcse werden Produktion und Aussch\u00fcttung von Verdauungsenzymen angeregt und die Verdauung im D\u00fcnndarm beschleunigt.<\/p>\n<p>&#13;<\/p>\n<p>In den letzten Jahrzehnten wurden allerdings in der Nahrungsmittelindustrie immer mehr nat\u00fcrlich enthaltene Bitterstoffe aus Salaten, Gem\u00fcsen und bitteren Obstsorten herausgez\u00fcchtet. Durch diesen Mangel an Bitterstoffen kann es zu einer zu geringen Bildung von Magens\u00e4ure und Verdauungsenzymen kommen. Dies wiederum kann zu Bl\u00e4hungen, V\u00f6llegef\u00fchl und Magendr\u00fccken f\u00fchren.<\/p>\n<p>&#13;<\/p>\n<p>Die\u00a0im Schwedenbitter\u00a0ausgew\u00e4hlten Pflanzenteile\u00a0enthalten\u00a0Bitterstoffe,\u00a0die\u00a0digestiv und verdauungsanregend\u00a0wirken und\u00a0so die\u00a0Verdauung bei V\u00f6llegef\u00fchl und nach \u00fcppigen Mahlzeiten\u00a0unterst\u00fctzen.<\/p>\n","protected":false},"excerpt":{"rendered":"<p>Nahrungserg\u00e4nzungsmittel hergestellt nach Originalrezept mit ausgew\u00e4hlten Kr\u00e4utern, Wurzeln und Safran.\u00a0 Schwedenbitter hat schon seit dem 17. Jahrhundert einen fixen Platz in den Hausapotheken. Fr\u00fcher noch f\u00fcr s\u00e4mtliche Wehwehchen eingesetzt, wird er heutzutage prim\u00e4r zur F\u00f6rderung des Wohlbefindens nach Mahlzeiten eingenommen. Insbesondere Maria Treben hat durch ihre Ver\u00f6ffentlichung \u201eGesundheit aus der Apotheke Gottes\u201c den Schwedenbitter zu [&hellip;]<\/p>\n","protected":false},"featured_media":90509,"template":"","meta":{"_acf_changed":false},"product_brand":[1005],"product_cat":[802],"product_tag":[],"class_list":{"0":"post-90507","1":"product","2":"type-product","3":"status-publish","4":"has-post-thumbnail","6":"product_brand-bano","7":"product_cat-b","8":"pa_packungsgroesse-1l","9":"pa_packungsgroesse-200ml","10":"pa_packungsgroesse-500ml","12":"first","13":"instock","14":"shipping-taxable","15":"purchasable","16":"product-type-variable"},"acf":[],"_links":{"self":[{"href":"https:\/\/www.ernstbrunn-apotheke.at\/katalog\/wp-json\/wp\/v2\/product\/90507","targetHints":{"allow":["GET"]}}],"collection":[{"href":"https:\/\/www.ernstbrunn-apotheke.at\/katalog\/wp-json\/wp\/v2\/product"}],"about":[{"href":"https:\/\/www.ernstbrunn-apotheke.at\/katalog\/wp-json\/wp\/v2\/types\/product"}],"wp:featuredmedia":[{"embeddable":true,"href":"https:\/\/www.ernstbrunn-apotheke.at\/katalog\/wp-json\/wp\/v2\/media\/90509"}],"wp:attachment":[{"href":"https:\/\/www.ernstbrunn-apotheke.at\/katalog\/wp-json\/wp\/v2\/media?parent=90507"}],"wp:term":[{"taxonomy":"product_brand","embeddable":true,"href":"https:\/\/www.ernstbrunn-apotheke.at\/katalog\/wp-json\/wp\/v2\/product_brand?post=90507"},{"taxonomy":"product_cat","embeddable":true,"href":"https:\/\/www.ernstbrunn-apotheke.at\/katalog\/wp-json\/wp\/v2\/product_cat?post=90507"},{"taxonomy":"product_tag","embeddable":true,"href":"https:\/\/www.ernstbrunn-apotheke.at\/katalog\/wp-json\/wp\/v2\/product_tag?post=90507"}],"curies":[{"name":"wp","href":"https:\/\/api.w.org\/{rel}","templated":true}]}}