{"id":90493,"date":"2025-11-12T07:33:12","date_gmt":"2025-11-12T06:33:12","guid":{"rendered":"https:\/\/www.ernstbrunn-apotheke.at\/katalog\/produkt\/carmol-tropfen\/"},"modified":"2025-12-08T20:20:57","modified_gmt":"2025-12-08T19:20:57","slug":"carmol-tropfen","status":"publish","type":"product","link":"https:\/\/www.ernstbrunn-apotheke.at\/katalog\/produkt\/carmol-tropfen\/","title":{"rendered":"Carmol Tropfen"},"content":{"rendered":"<p>Carmol Tropfen werden zur Unterst\u00fctzung der Verdauungsfunktion und zur Besserung des Befindens bei Unwohlsein eingesetzt. Nutzen Sie die bew\u00e4hrte Heilpflanzenkombination, wann immer Sie sich unwohl f\u00fchlen. Schon wenige Tropfen helfen bei Magenbeschwerden, Nervosit\u00e4t, Einschlafschwierigkeiten, Reisebeschwerden oder auch Kopfschmerzen.<\/p>\n","protected":false},"excerpt":{"rendered":"<p>Carmol Tropfen werden zur Unterst\u00fctzung der Verdauungsfunktion und zur Besserung des Befindens bei Unwohlsein eingesetzt. Nutzen Sie die bew\u00e4hrte Heilpflanzenkombination, wann immer Sie sich unwohl f\u00fchlen. Schon wenige Tropfen helfen bei Magenbeschwerden, Nervosit\u00e4t, Einschlafschwierigkeiten, Reisebeschwerden oder auch Kopfschmerzen.<\/p>\n","protected":false},"featured_media":90495,"template":"","meta":{"_acf_changed":false},"product_brand":[],"product_cat":[812],"product_tag":[],"class_list":{"0":"post-90493","1":"product","2":"type-product","3":"status-publish","4":"has-post-thumbnail","6":"product_cat-c","7":"pa_packungsgroesse-160ml","9":"first","10":"instock","11":"shipping-taxable","12":"purchasable","13":"product-type-simple"},"acf":[],"_links":{"self":[{"href":"https:\/\/www.ernstbrunn-apotheke.at\/katalog\/wp-json\/wp\/v2\/product\/90493","targetHints":{"allow":["GET"]}}],"collection":[{"href":"https:\/\/www.ernstbrunn-apotheke.at\/katalog\/wp-json\/wp\/v2\/product"}],"about":[{"href":"https:\/\/www.ernstbrunn-apotheke.at\/katalog\/wp-json\/wp\/v2\/types\/product"}],"wp:featuredmedia":[{"embeddable":true,"href":"https:\/\/www.ernstbrunn-apotheke.at\/katalog\/wp-json\/wp\/v2\/media\/90495"}],"wp:attachment":[{"href":"https:\/\/www.ernstbrunn-apotheke.at\/katalog\/wp-json\/wp\/v2\/media?parent=90493"}],"wp:term":[{"taxonomy":"product_brand","embeddable":true,"href":"https:\/\/www.ernstbrunn-apotheke.at\/katalog\/wp-json\/wp\/v2\/product_brand?post=90493"},{"taxonomy":"product_cat","embeddable":true,"href":"https:\/\/www.ernstbrunn-apotheke.at\/katalog\/wp-json\/wp\/v2\/product_cat?post=90493"},{"taxonomy":"product_tag","embeddable":true,"href":"https:\/\/www.ernstbrunn-apotheke.at\/katalog\/wp-json\/wp\/v2\/product_tag?post=90493"}],"curies":[{"name":"wp","href":"https:\/\/api.w.org\/{rel}","templated":true}]}}