{"id":90466,"date":"2025-11-12T07:32:03","date_gmt":"2025-11-12T06:32:03","guid":{"rendered":"https:\/\/www.ernstbrunn-apotheke.at\/katalog\/produkt\/rowachol-kapseln\/"},"modified":"2025-12-08T20:20:48","modified_gmt":"2025-12-08T19:20:48","slug":"rowachol-kapseln","status":"publish","type":"product","link":"https:\/\/www.ernstbrunn-apotheke.at\/katalog\/produkt\/rowachol-kapseln\/","title":{"rendered":"Rowachol Kapseln"},"content":{"rendered":"<p>Rowachol Kapseln enthalten Bestandteile \u00e4therischer \u00d6le und besitzen gallenflussf\u00f6rdernde, krampfl\u00f6sende und windtreibende Eigenschaften. Dadurch wird die Durchblutung, vor allem der Leber und der anderen Dr\u00fcsen des Verdauungsapparates, gef\u00f6rdert und die Darmt\u00e4tigkeit angeregt.<\/p>\n","protected":false},"excerpt":{"rendered":"<p>Rowachol Kapseln enthalten Bestandteile \u00e4therischer \u00d6le und besitzen gallenflussf\u00f6rdernde, krampfl\u00f6sende und windtreibende Eigenschaften. Dadurch wird die Durchblutung, vor allem der Leber und der anderen Dr\u00fcsen des Verdauungsapparates, gef\u00f6rdert und die Darmt\u00e4tigkeit angeregt.<\/p>\n","protected":false},"featured_media":90468,"template":"","meta":{"_acf_changed":false},"product_brand":[],"product_cat":[808],"product_tag":[],"class_list":{"0":"post-90466","1":"product","2":"type-product","3":"status-publish","4":"has-post-thumbnail","6":"product_cat-r","7":"pa_packungsgroesse-50-stueck","9":"first","10":"instock","11":"shipping-taxable","12":"purchasable","13":"product-type-simple"},"acf":[],"_links":{"self":[{"href":"https:\/\/www.ernstbrunn-apotheke.at\/katalog\/wp-json\/wp\/v2\/product\/90466","targetHints":{"allow":["GET"]}}],"collection":[{"href":"https:\/\/www.ernstbrunn-apotheke.at\/katalog\/wp-json\/wp\/v2\/product"}],"about":[{"href":"https:\/\/www.ernstbrunn-apotheke.at\/katalog\/wp-json\/wp\/v2\/types\/product"}],"wp:featuredmedia":[{"embeddable":true,"href":"https:\/\/www.ernstbrunn-apotheke.at\/katalog\/wp-json\/wp\/v2\/media\/90468"}],"wp:attachment":[{"href":"https:\/\/www.ernstbrunn-apotheke.at\/katalog\/wp-json\/wp\/v2\/media?parent=90466"}],"wp:term":[{"taxonomy":"product_brand","embeddable":true,"href":"https:\/\/www.ernstbrunn-apotheke.at\/katalog\/wp-json\/wp\/v2\/product_brand?post=90466"},{"taxonomy":"product_cat","embeddable":true,"href":"https:\/\/www.ernstbrunn-apotheke.at\/katalog\/wp-json\/wp\/v2\/product_cat?post=90466"},{"taxonomy":"product_tag","embeddable":true,"href":"https:\/\/www.ernstbrunn-apotheke.at\/katalog\/wp-json\/wp\/v2\/product_tag?post=90466"}],"curies":[{"name":"wp","href":"https:\/\/api.w.org\/{rel}","templated":true}]}}