{"id":90457,"date":"2025-11-12T07:32:03","date_gmt":"2025-11-12T06:32:03","guid":{"rendered":"https:\/\/www.ernstbrunn-apotheke.at\/katalog\/produkt\/sab-simplex-tropfen\/"},"modified":"2025-12-08T20:20:46","modified_gmt":"2025-12-08T19:20:46","slug":"sab-simplex-tropfen","status":"publish","type":"product","link":"https:\/\/www.ernstbrunn-apotheke.at\/katalog\/produkt\/sab-simplex-tropfen\/","title":{"rendered":"Sab Simplex Tropfen"},"content":{"rendered":"<p>Sab Simplex Tropfen werden zur Behandlung funktioneller St\u00f6rungen des Magen-Darm-Traktes eingesetzt. Sie wirken unterst\u00fctzend bei im Rahmen der Verdauung auftretenden Kr\u00e4mpfen und Bl\u00e4hungen.<\/p>\n","protected":false},"excerpt":{"rendered":"<p>Sab Simplex Tropfen werden zur Behandlung funktioneller St\u00f6rungen des Magen-Darm-Traktes eingesetzt. Sie wirken unterst\u00fctzend bei im Rahmen der Verdauung auftretenden Kr\u00e4mpfen und Bl\u00e4hungen.<\/p>\n","protected":false},"featured_media":90459,"template":"","meta":{"_acf_changed":false},"product_brand":[],"product_cat":[791],"product_tag":[],"class_list":{"0":"post-90457","1":"product","2":"type-product","3":"status-publish","4":"has-post-thumbnail","6":"product_cat-s","7":"pa_packungsgroesse-30ml","9":"first","10":"instock","11":"shipping-taxable","12":"purchasable","13":"product-type-simple"},"acf":[],"_links":{"self":[{"href":"https:\/\/www.ernstbrunn-apotheke.at\/katalog\/wp-json\/wp\/v2\/product\/90457","targetHints":{"allow":["GET"]}}],"collection":[{"href":"https:\/\/www.ernstbrunn-apotheke.at\/katalog\/wp-json\/wp\/v2\/product"}],"about":[{"href":"https:\/\/www.ernstbrunn-apotheke.at\/katalog\/wp-json\/wp\/v2\/types\/product"}],"wp:featuredmedia":[{"embeddable":true,"href":"https:\/\/www.ernstbrunn-apotheke.at\/katalog\/wp-json\/wp\/v2\/media\/90459"}],"wp:attachment":[{"href":"https:\/\/www.ernstbrunn-apotheke.at\/katalog\/wp-json\/wp\/v2\/media?parent=90457"}],"wp:term":[{"taxonomy":"product_brand","embeddable":true,"href":"https:\/\/www.ernstbrunn-apotheke.at\/katalog\/wp-json\/wp\/v2\/product_brand?post=90457"},{"taxonomy":"product_cat","embeddable":true,"href":"https:\/\/www.ernstbrunn-apotheke.at\/katalog\/wp-json\/wp\/v2\/product_cat?post=90457"},{"taxonomy":"product_tag","embeddable":true,"href":"https:\/\/www.ernstbrunn-apotheke.at\/katalog\/wp-json\/wp\/v2\/product_tag?post=90457"}],"curies":[{"name":"wp","href":"https:\/\/api.w.org\/{rel}","templated":true}]}}