{"id":90439,"date":"2025-11-12T07:32:03","date_gmt":"2025-11-12T06:32:03","guid":{"rendered":"https:\/\/www.ernstbrunn-apotheke.at\/katalog\/produkt\/montana-haustropfen-2\/"},"modified":"2025-12-08T20:20:43","modified_gmt":"2025-12-08T19:20:43","slug":"montana-haustropfen-2","status":"publish","type":"product","link":"https:\/\/www.ernstbrunn-apotheke.at\/katalog\/produkt\/montana-haustropfen-2\/","title":{"rendered":"Montana Haustropfen"},"content":{"rendered":"<p>Montana ist ein alt bew\u00e4hrtes Hausmittel bei einer Vielzahl von Magen-Darmbeschwerden wie Verdauungsproblemen, Verstopfung, Appetitlosigkeit, Bl\u00e4hungen oder \u00dcbelkeit.<\/p>\n","protected":false},"excerpt":{"rendered":"<p>Montana ist ein alt bew\u00e4hrtes Hausmittel bei einer Vielzahl von Magen-Darmbeschwerden wie Verdauungsproblemen, Verstopfung, Appetitlosigkeit, Bl\u00e4hungen oder \u00dcbelkeit.<\/p>\n","protected":false},"featured_media":90441,"template":"","meta":{"_acf_changed":false},"product_brand":[],"product_cat":[800],"product_tag":[],"class_list":{"0":"post-90439","1":"product","2":"type-product","3":"status-publish","4":"has-post-thumbnail","6":"product_cat-m","7":"pa_farbe-klar-bis-trueb-rotbraun-bis-dunkelbraun","8":"pa_geschmack-aromatisch","9":"pa_packungsgroesse-200ml","10":"pa_packungsgroesse-50ml","12":"first","13":"instock","14":"shipping-taxable","15":"purchasable","16":"product-type-simple"},"acf":[],"_links":{"self":[{"href":"https:\/\/www.ernstbrunn-apotheke.at\/katalog\/wp-json\/wp\/v2\/product\/90439","targetHints":{"allow":["GET"]}}],"collection":[{"href":"https:\/\/www.ernstbrunn-apotheke.at\/katalog\/wp-json\/wp\/v2\/product"}],"about":[{"href":"https:\/\/www.ernstbrunn-apotheke.at\/katalog\/wp-json\/wp\/v2\/types\/product"}],"wp:featuredmedia":[{"embeddable":true,"href":"https:\/\/www.ernstbrunn-apotheke.at\/katalog\/wp-json\/wp\/v2\/media\/90441"}],"wp:attachment":[{"href":"https:\/\/www.ernstbrunn-apotheke.at\/katalog\/wp-json\/wp\/v2\/media?parent=90439"}],"wp:term":[{"taxonomy":"product_brand","embeddable":true,"href":"https:\/\/www.ernstbrunn-apotheke.at\/katalog\/wp-json\/wp\/v2\/product_brand?post=90439"},{"taxonomy":"product_cat","embeddable":true,"href":"https:\/\/www.ernstbrunn-apotheke.at\/katalog\/wp-json\/wp\/v2\/product_cat?post=90439"},{"taxonomy":"product_tag","embeddable":true,"href":"https:\/\/www.ernstbrunn-apotheke.at\/katalog\/wp-json\/wp\/v2\/product_tag?post=90439"}],"curies":[{"name":"wp","href":"https:\/\/api.w.org\/{rel}","templated":true}]}}