{"id":90353,"date":"2025-11-12T07:30:15","date_gmt":"2025-11-12T06:30:15","guid":{"rendered":"https:\/\/www.ernstbrunn-apotheke.at\/katalog\/produkt\/eucarbon-tabletten-2\/"},"modified":"2025-12-08T20:20:22","modified_gmt":"2025-12-08T19:20:22","slug":"eucarbon-tabletten-2","status":"publish","type":"product","link":"https:\/\/www.ernstbrunn-apotheke.at\/katalog\/produkt\/eucarbon-tabletten-2\/","title":{"rendered":"Eucarbon\u00ae Tabletten"},"content":{"rendered":"<p>EUCARBON\u00ae Tabletten wirken sowohl als mildes Abf\u00fchrmittel als auch gegen leichte Formen von Durchfall. Sie wirken verdauungsregulierend und sorgen f\u00fcr eine regelm\u00e4\u00dfige Funktion des Verdauungssystems. Dieses Produkt erhalten Sie in den Packungsgr\u00f6\u00dfen 30 und 100 St\u00fcck.<\/p>\n","protected":false},"excerpt":{"rendered":"<p>EUCARBON\u00ae Tabletten wirken sowohl als mildes Abf\u00fchrmittel als auch gegen leichte Formen von Durchfall. Sie wirken verdauungsregulierend und sorgen f\u00fcr eine regelm\u00e4\u00dfige Funktion des Verdauungssystems. Dieses Produkt erhalten Sie in den Packungsgr\u00f6\u00dfen 30 und 100 St\u00fcck.<\/p>\n","protected":false},"featured_media":90355,"template":"","meta":{"_acf_changed":false},"product_brand":[1333],"product_cat":[794],"product_tag":[],"class_list":{"0":"post-90353","1":"product","2":"type-product","3":"status-publish","4":"has-post-thumbnail","6":"product_brand-eucarbon","7":"product_cat-e","8":"pa_packungsgroesse-100-stueck","10":"first","11":"instock","12":"shipping-taxable","13":"purchasable","14":"product-type-simple"},"acf":[],"_links":{"self":[{"href":"https:\/\/www.ernstbrunn-apotheke.at\/katalog\/wp-json\/wp\/v2\/product\/90353","targetHints":{"allow":["GET"]}}],"collection":[{"href":"https:\/\/www.ernstbrunn-apotheke.at\/katalog\/wp-json\/wp\/v2\/product"}],"about":[{"href":"https:\/\/www.ernstbrunn-apotheke.at\/katalog\/wp-json\/wp\/v2\/types\/product"}],"wp:featuredmedia":[{"embeddable":true,"href":"https:\/\/www.ernstbrunn-apotheke.at\/katalog\/wp-json\/wp\/v2\/media\/90355"}],"wp:attachment":[{"href":"https:\/\/www.ernstbrunn-apotheke.at\/katalog\/wp-json\/wp\/v2\/media?parent=90353"}],"wp:term":[{"taxonomy":"product_brand","embeddable":true,"href":"https:\/\/www.ernstbrunn-apotheke.at\/katalog\/wp-json\/wp\/v2\/product_brand?post=90353"},{"taxonomy":"product_cat","embeddable":true,"href":"https:\/\/www.ernstbrunn-apotheke.at\/katalog\/wp-json\/wp\/v2\/product_cat?post=90353"},{"taxonomy":"product_tag","embeddable":true,"href":"https:\/\/www.ernstbrunn-apotheke.at\/katalog\/wp-json\/wp\/v2\/product_tag?post=90353"}],"curies":[{"name":"wp","href":"https:\/\/api.w.org\/{rel}","templated":true}]}}