{"id":90343,"date":"2025-11-12T07:29:27","date_gmt":"2025-11-12T06:29:27","guid":{"rendered":"https:\/\/www.ernstbrunn-apotheke.at\/katalog\/produkt\/dulcolax-10mg-zaepchen-2\/"},"modified":"2025-12-08T20:20:21","modified_gmt":"2025-12-08T19:20:21","slug":"dulcolax-10mg-zaepchen-2","status":"publish","type":"product","link":"https:\/\/www.ernstbrunn-apotheke.at\/katalog\/produkt\/dulcolax-10mg-zaepchen-2\/","title":{"rendered":"Dulcolax\u00ae 10mg Z\u00e4pchen"},"content":{"rendered":"<p>Dulcolax Z\u00e4pfchen sind ein Abf\u00fchrmittel. Die Z\u00e4pfchen werden angewendet zur kurzfristigen Behebung von Darmtr\u00e4gheit und Verstopfung, zur Vorbereitung von Operationen und Untersuchungen sowie bei Erkrankungen, die eine Erleichterung der Stuhlentleerung erfordern.<\/p>\n","protected":false},"excerpt":{"rendered":"<p>Dulcolax Z\u00e4pfchen sind ein Abf\u00fchrmittel. Die Z\u00e4pfchen werden angewendet zur kurzfristigen Behebung von Darmtr\u00e4gheit und Verstopfung, zur Vorbereitung von Operationen und Untersuchungen sowie bei Erkrankungen, die eine Erleichterung der Stuhlentleerung erfordern.<\/p>\n","protected":false},"featured_media":90345,"template":"","meta":{"_acf_changed":false},"product_brand":[],"product_cat":[792],"product_tag":[],"class_list":{"0":"post-90343","1":"product","2":"type-product","3":"status-publish","4":"has-post-thumbnail","6":"product_cat-d","7":"pa_packungsgroesse-100-stueck","9":"first","10":"instock","11":"shipping-taxable","12":"purchasable","13":"product-type-simple"},"acf":[],"_links":{"self":[{"href":"https:\/\/www.ernstbrunn-apotheke.at\/katalog\/wp-json\/wp\/v2\/product\/90343","targetHints":{"allow":["GET"]}}],"collection":[{"href":"https:\/\/www.ernstbrunn-apotheke.at\/katalog\/wp-json\/wp\/v2\/product"}],"about":[{"href":"https:\/\/www.ernstbrunn-apotheke.at\/katalog\/wp-json\/wp\/v2\/types\/product"}],"wp:featuredmedia":[{"embeddable":true,"href":"https:\/\/www.ernstbrunn-apotheke.at\/katalog\/wp-json\/wp\/v2\/media\/90345"}],"wp:attachment":[{"href":"https:\/\/www.ernstbrunn-apotheke.at\/katalog\/wp-json\/wp\/v2\/media?parent=90343"}],"wp:term":[{"taxonomy":"product_brand","embeddable":true,"href":"https:\/\/www.ernstbrunn-apotheke.at\/katalog\/wp-json\/wp\/v2\/product_brand?post=90343"},{"taxonomy":"product_cat","embeddable":true,"href":"https:\/\/www.ernstbrunn-apotheke.at\/katalog\/wp-json\/wp\/v2\/product_cat?post=90343"},{"taxonomy":"product_tag","embeddable":true,"href":"https:\/\/www.ernstbrunn-apotheke.at\/katalog\/wp-json\/wp\/v2\/product_tag?post=90343"}],"curies":[{"name":"wp","href":"https:\/\/api.w.org\/{rel}","templated":true}]}}