{"id":90314,"date":"2025-11-12T07:28:52","date_gmt":"2025-11-12T06:28:52","guid":{"rendered":"https:\/\/www.ernstbrunn-apotheke.at\/katalog\/produkt\/darmol-abfuehrschokolade\/"},"modified":"2025-12-08T20:20:14","modified_gmt":"2025-12-08T19:20:14","slug":"darmol-abfuehrschokolade","status":"publish","type":"product","link":"https:\/\/www.ernstbrunn-apotheke.at\/katalog\/produkt\/darmol-abfuehrschokolade\/","title":{"rendered":"Darmol Abf\u00fchrschokolade"},"content":{"rendered":"<p>Darmol-T\u00e4felchen sind ein pflanzliches Arzneimittel zur kurzfristigen Anwendung bei gelegentlich auftretender Verstopfung.Darmol T\u00e4felchen bestehen aus einer Schokoladegrundmasse, in der die abf\u00fchrenden Wirkstoffe der Sennesbl\u00e4tter (Sennoside) eingearbeitet sind. Darmol regt die Darmt\u00e4tigkeit an, f\u00fchrt durch erh\u00f6hte Wasserabgabe in den Dickdarm zu einer Aufweichung des Stuhle und erleichtert so die Stuhlentleerung. erhalten Sie dieses Produkt in Packungen zu 8 und 16 St\u00fcck.<\/p>\n","protected":false},"excerpt":{"rendered":"<p>Darmol-T\u00e4felchen sind ein pflanzliches Arzneimittel zur kurzfristigen Anwendung bei gelegentlich auftretender Verstopfung.Darmol T\u00e4felchen bestehen aus einer Schokoladegrundmasse, in der die abf\u00fchrenden Wirkstoffe der Sennesbl\u00e4tter (Sennoside) eingearbeitet sind. Darmol regt die Darmt\u00e4tigkeit an, f\u00fchrt durch erh\u00f6hte Wasserabgabe in den Dickdarm zu einer Aufweichung des Stuhle und erleichtert so die Stuhlentleerung. erhalten Sie dieses Produkt in Packungen [&hellip;]<\/p>\n","protected":false},"featured_media":90316,"template":"","meta":{"_acf_changed":false},"product_brand":[],"product_cat":[792],"product_tag":[],"class_list":{"0":"post-90314","1":"product","2":"type-product","3":"status-publish","4":"has-post-thumbnail","6":"product_cat-d","7":"pa_packungsgroesse-16-stueck","8":"pa_packungsgroesse-8-stueck","10":"first","11":"instock","12":"shipping-taxable","13":"purchasable","14":"product-type-simple"},"acf":[],"_links":{"self":[{"href":"https:\/\/www.ernstbrunn-apotheke.at\/katalog\/wp-json\/wp\/v2\/product\/90314","targetHints":{"allow":["GET"]}}],"collection":[{"href":"https:\/\/www.ernstbrunn-apotheke.at\/katalog\/wp-json\/wp\/v2\/product"}],"about":[{"href":"https:\/\/www.ernstbrunn-apotheke.at\/katalog\/wp-json\/wp\/v2\/types\/product"}],"wp:featuredmedia":[{"embeddable":true,"href":"https:\/\/www.ernstbrunn-apotheke.at\/katalog\/wp-json\/wp\/v2\/media\/90316"}],"wp:attachment":[{"href":"https:\/\/www.ernstbrunn-apotheke.at\/katalog\/wp-json\/wp\/v2\/media?parent=90314"}],"wp:term":[{"taxonomy":"product_brand","embeddable":true,"href":"https:\/\/www.ernstbrunn-apotheke.at\/katalog\/wp-json\/wp\/v2\/product_brand?post=90314"},{"taxonomy":"product_cat","embeddable":true,"href":"https:\/\/www.ernstbrunn-apotheke.at\/katalog\/wp-json\/wp\/v2\/product_cat?post=90314"},{"taxonomy":"product_tag","embeddable":true,"href":"https:\/\/www.ernstbrunn-apotheke.at\/katalog\/wp-json\/wp\/v2\/product_tag?post=90314"}],"curies":[{"name":"wp","href":"https:\/\/api.w.org\/{rel}","templated":true}]}}