{"id":90293,"date":"2025-11-12T07:28:52","date_gmt":"2025-11-12T06:28:52","guid":{"rendered":"https:\/\/www.ernstbrunn-apotheke.at\/katalog\/produkt\/midro-tee\/"},"modified":"2025-12-08T20:20:09","modified_gmt":"2025-12-08T19:20:09","slug":"midro-tee","status":"publish","type":"product","link":"https:\/\/www.ernstbrunn-apotheke.at\/katalog\/produkt\/midro-tee\/","title":{"rendered":"Midro Tee"},"content":{"rendered":"<p>Midro Tee ist ein rein pflanzliches Abf\u00fchrmittel und findet bei Obstipation seine Anwendung. Midro Tee ist ein wirksames und schonendes Abf\u00fchrmittel, wie es schon seit Jahrtausenden im Einklang mit der Natur angewandt wird. Midro hilft bei hartn\u00e4ckigen F\u00e4llen von Verstopfung, ohne den K\u00f6rper zu belasten.<\/p>\n","protected":false},"excerpt":{"rendered":"<p>Midro Tee ist ein rein pflanzliches Abf\u00fchrmittel und findet bei Obstipation seine Anwendung. Midro Tee ist ein wirksames und schonendes Abf\u00fchrmittel, wie es schon seit Jahrtausenden im Einklang mit der Natur angewandt wird. Midro hilft bei hartn\u00e4ckigen F\u00e4llen von Verstopfung, ohne den K\u00f6rper zu belasten.<\/p>\n","protected":false},"featured_media":90295,"template":"","meta":{"_acf_changed":false},"product_brand":[],"product_cat":[800],"product_tag":[],"class_list":{"0":"post-90293","1":"product","2":"type-product","3":"status-publish","4":"has-post-thumbnail","6":"product_cat-m","7":"pa_packungsgroesse-70g","9":"first","10":"instock","11":"shipping-taxable","12":"purchasable","13":"product-type-simple"},"acf":[],"_links":{"self":[{"href":"https:\/\/www.ernstbrunn-apotheke.at\/katalog\/wp-json\/wp\/v2\/product\/90293","targetHints":{"allow":["GET"]}}],"collection":[{"href":"https:\/\/www.ernstbrunn-apotheke.at\/katalog\/wp-json\/wp\/v2\/product"}],"about":[{"href":"https:\/\/www.ernstbrunn-apotheke.at\/katalog\/wp-json\/wp\/v2\/types\/product"}],"wp:featuredmedia":[{"embeddable":true,"href":"https:\/\/www.ernstbrunn-apotheke.at\/katalog\/wp-json\/wp\/v2\/media\/90295"}],"wp:attachment":[{"href":"https:\/\/www.ernstbrunn-apotheke.at\/katalog\/wp-json\/wp\/v2\/media?parent=90293"}],"wp:term":[{"taxonomy":"product_brand","embeddable":true,"href":"https:\/\/www.ernstbrunn-apotheke.at\/katalog\/wp-json\/wp\/v2\/product_brand?post=90293"},{"taxonomy":"product_cat","embeddable":true,"href":"https:\/\/www.ernstbrunn-apotheke.at\/katalog\/wp-json\/wp\/v2\/product_cat?post=90293"},{"taxonomy":"product_tag","embeddable":true,"href":"https:\/\/www.ernstbrunn-apotheke.at\/katalog\/wp-json\/wp\/v2\/product_tag?post=90293"}],"curies":[{"name":"wp","href":"https:\/\/api.w.org\/{rel}","templated":true}]}}