{"id":90282,"date":"2025-11-12T07:28:18","date_gmt":"2025-11-12T06:28:18","guid":{"rendered":"https:\/\/www.ernstbrunn-apotheke.at\/katalog\/produkt\/agaffin-abfuehrgel\/"},"modified":"2025-12-08T20:20:04","modified_gmt":"2025-12-08T19:20:04","slug":"agaffin-abfuehrgel","status":"publish","type":"product","link":"https:\/\/www.ernstbrunn-apotheke.at\/katalog\/produkt\/agaffin-abfuehrgel\/","title":{"rendered":"Agaffin Abf\u00fchrgel"},"content":{"rendered":"<p>Agaffin Abf\u00fchrgel ist ein Abf\u00fchrmittel, das durch den Kontakt mit der Darmschleimhaut in schonender Weise den nat\u00fcrlichen Entleerungsprozess im Dickdarm anregt. Das Gel kann auch bei einem empfindlichen Magen und Magen- bzw. Darmgeschw\u00fcren problemlos angewendet werden.<\/p>\n","protected":false},"excerpt":{"rendered":"<p>Agaffin Abf\u00fchrgel ist ein Abf\u00fchrmittel, das durch den Kontakt mit der Darmschleimhaut in schonender Weise den nat\u00fcrlichen Entleerungsprozess im Dickdarm anregt. Das Gel kann auch bei einem empfindlichen Magen und Magen- bzw. Darmgeschw\u00fcren problemlos angewendet werden.<\/p>\n","protected":false},"featured_media":90284,"template":"","meta":{"_acf_changed":false},"product_brand":[1332],"product_cat":[801],"product_tag":[],"class_list":{"0":"post-90282","1":"product","2":"type-product","3":"status-publish","4":"has-post-thumbnail","6":"product_brand-agaffin","7":"product_cat-a","8":"pa_packungsgroesse-100ml","10":"first","11":"instock","12":"shipping-taxable","13":"purchasable","14":"product-type-simple"},"acf":[],"_links":{"self":[{"href":"https:\/\/www.ernstbrunn-apotheke.at\/katalog\/wp-json\/wp\/v2\/product\/90282","targetHints":{"allow":["GET"]}}],"collection":[{"href":"https:\/\/www.ernstbrunn-apotheke.at\/katalog\/wp-json\/wp\/v2\/product"}],"about":[{"href":"https:\/\/www.ernstbrunn-apotheke.at\/katalog\/wp-json\/wp\/v2\/types\/product"}],"wp:featuredmedia":[{"embeddable":true,"href":"https:\/\/www.ernstbrunn-apotheke.at\/katalog\/wp-json\/wp\/v2\/media\/90284"}],"wp:attachment":[{"href":"https:\/\/www.ernstbrunn-apotheke.at\/katalog\/wp-json\/wp\/v2\/media?parent=90282"}],"wp:term":[{"taxonomy":"product_brand","embeddable":true,"href":"https:\/\/www.ernstbrunn-apotheke.at\/katalog\/wp-json\/wp\/v2\/product_brand?post=90282"},{"taxonomy":"product_cat","embeddable":true,"href":"https:\/\/www.ernstbrunn-apotheke.at\/katalog\/wp-json\/wp\/v2\/product_cat?post=90282"},{"taxonomy":"product_tag","embeddable":true,"href":"https:\/\/www.ernstbrunn-apotheke.at\/katalog\/wp-json\/wp\/v2\/product_tag?post=90282"}],"curies":[{"name":"wp","href":"https:\/\/api.w.org\/{rel}","templated":true}]}}