{"id":90252,"date":"2025-11-12T07:27:35","date_gmt":"2025-11-12T06:27:35","guid":{"rendered":"https:\/\/www.ernstbrunn-apotheke.at\/katalog\/produkt\/weleda-rasiercreme\/"},"modified":"2025-12-08T20:20:00","modified_gmt":"2025-12-08T19:20:00","slug":"weleda-rasiercreme","status":"publish","type":"product","link":"https:\/\/www.ernstbrunn-apotheke.at\/katalog\/produkt\/weleda-rasiercreme\/","title":{"rendered":"Weleda Rasiercreme"},"content":{"rendered":"<p>Die Rasiercreme bildet einen best\u00e4ndigen, sahnigen Schaum und erm\u00f6glicht eine sanfte, gr\u00fcndliche Nassrasur. Sie sch\u00fctzt und pflegt zugleich die empfindliche, vom Rasieren strapazierte Haut mit einem Auszug aus Stiefm\u00fctterchen, Ziegenmilch und Mandelmilch<\/p>\n","protected":false},"excerpt":{"rendered":"<p>Die Rasiercreme bildet einen best\u00e4ndigen, sahnigen Schaum und erm\u00f6glicht eine sanfte, gr\u00fcndliche Nassrasur. Sie sch\u00fctzt und pflegt zugleich die empfindliche, vom Rasieren strapazierte Haut mit einem Auszug aus Stiefm\u00fctterchen, Ziegenmilch und Mandelmilch<\/p>\n","protected":false},"featured_media":90254,"template":"","meta":{"_acf_changed":false},"product_brand":[567],"product_cat":[796],"product_tag":[],"class_list":{"0":"post-90252","1":"product","2":"type-product","3":"status-publish","4":"has-post-thumbnail","6":"product_brand-weleda","7":"product_cat-w","8":"pa_packungsgroesse-75ml","10":"first","11":"instock","12":"shipping-taxable","13":"purchasable","14":"product-type-simple"},"acf":[],"_links":{"self":[{"href":"https:\/\/www.ernstbrunn-apotheke.at\/katalog\/wp-json\/wp\/v2\/product\/90252","targetHints":{"allow":["GET"]}}],"collection":[{"href":"https:\/\/www.ernstbrunn-apotheke.at\/katalog\/wp-json\/wp\/v2\/product"}],"about":[{"href":"https:\/\/www.ernstbrunn-apotheke.at\/katalog\/wp-json\/wp\/v2\/types\/product"}],"wp:featuredmedia":[{"embeddable":true,"href":"https:\/\/www.ernstbrunn-apotheke.at\/katalog\/wp-json\/wp\/v2\/media\/90254"}],"wp:attachment":[{"href":"https:\/\/www.ernstbrunn-apotheke.at\/katalog\/wp-json\/wp\/v2\/media?parent=90252"}],"wp:term":[{"taxonomy":"product_brand","embeddable":true,"href":"https:\/\/www.ernstbrunn-apotheke.at\/katalog\/wp-json\/wp\/v2\/product_brand?post=90252"},{"taxonomy":"product_cat","embeddable":true,"href":"https:\/\/www.ernstbrunn-apotheke.at\/katalog\/wp-json\/wp\/v2\/product_cat?post=90252"},{"taxonomy":"product_tag","embeddable":true,"href":"https:\/\/www.ernstbrunn-apotheke.at\/katalog\/wp-json\/wp\/v2\/product_tag?post=90252"}],"curies":[{"name":"wp","href":"https:\/\/api.w.org\/{rel}","templated":true}]}}