{"id":90246,"date":"2025-11-12T07:27:35","date_gmt":"2025-11-12T06:27:35","guid":{"rendered":"https:\/\/www.ernstbrunn-apotheke.at\/katalog\/produkt\/helfe-haferstroh-extrakt-2\/"},"modified":"2025-12-08T20:19:57","modified_gmt":"2025-12-08T19:19:57","slug":"helfe-haferstroh-extrakt-2","status":"publish","type":"product","link":"https:\/\/www.ernstbrunn-apotheke.at\/katalog\/produkt\/helfe-haferstroh-extrakt-2\/","title":{"rendered":"Helfe Haferstroh-Extrakt"},"content":{"rendered":"<p>Hafer hat \u2013 bei richtiger Extraktion \u2013 eine nat\u00fcrlich r\u00fcckfettende Wirkung auf die Haut. Deswegen eignet sich der HELFE Haferstrohextrakt besonders f\u00fcr sehr trockene, schuppende und gereizte Haut. Bei juckender Haut, Hautausschlag oder Schuppenbildung kann er angewandt werden. Auch f\u00fcr die Pflege der empfindlichen Haut von Babys &amp; Kleinkindern ist es zu empfehlen. Bei diesen sensiblen Hauttypen f\u00fchrt ein regelm\u00e4\u00dfiges Bad mit HELFE Haferstrohextrakt zu einer nachhaltigen Verbesserung des Wohlbefindens der Haut.\u00a0<\/p>\n<p>&#13;<\/p>\n<p><strong>Wirkung:<\/strong><\/p>\n<p>&#13;<\/p>\n<ul>&#13;<\/p>\n<li>Juckreizstillend<\/li>\n<p>&#13;<\/p>\n<li>Nat\u00fcrlich R\u00fcckfettend<\/li>\n<p>&#13;\n<\/ul>\n","protected":false},"excerpt":{"rendered":"<p>Hafer hat \u2013 bei richtiger Extraktion \u2013 eine nat\u00fcrlich r\u00fcckfettende Wirkung auf die Haut. Deswegen eignet sich der HELFE Haferstrohextrakt besonders f\u00fcr sehr trockene, schuppende und gereizte Haut. Bei juckender Haut, Hautausschlag oder Schuppenbildung kann er angewandt werden. Auch f\u00fcr die Pflege der empfindlichen Haut von Babys &amp; Kleinkindern ist es zu empfehlen. Bei diesen [&hellip;]<\/p>\n","protected":false},"featured_media":90248,"template":"","meta":{"_acf_changed":false},"product_brand":[655],"product_cat":[805],"product_tag":[],"class_list":{"0":"post-90246","1":"product","2":"type-product","3":"status-publish","4":"has-post-thumbnail","6":"product_brand-helfe","7":"product_cat-h","8":"pa_packungsgroesse-200ml","10":"first","11":"instock","12":"shipping-taxable","13":"purchasable","14":"product-type-simple"},"acf":[],"_links":{"self":[{"href":"https:\/\/www.ernstbrunn-apotheke.at\/katalog\/wp-json\/wp\/v2\/product\/90246","targetHints":{"allow":["GET"]}}],"collection":[{"href":"https:\/\/www.ernstbrunn-apotheke.at\/katalog\/wp-json\/wp\/v2\/product"}],"about":[{"href":"https:\/\/www.ernstbrunn-apotheke.at\/katalog\/wp-json\/wp\/v2\/types\/product"}],"wp:featuredmedia":[{"embeddable":true,"href":"https:\/\/www.ernstbrunn-apotheke.at\/katalog\/wp-json\/wp\/v2\/media\/90248"}],"wp:attachment":[{"href":"https:\/\/www.ernstbrunn-apotheke.at\/katalog\/wp-json\/wp\/v2\/media?parent=90246"}],"wp:term":[{"taxonomy":"product_brand","embeddable":true,"href":"https:\/\/www.ernstbrunn-apotheke.at\/katalog\/wp-json\/wp\/v2\/product_brand?post=90246"},{"taxonomy":"product_cat","embeddable":true,"href":"https:\/\/www.ernstbrunn-apotheke.at\/katalog\/wp-json\/wp\/v2\/product_cat?post=90246"},{"taxonomy":"product_tag","embeddable":true,"href":"https:\/\/www.ernstbrunn-apotheke.at\/katalog\/wp-json\/wp\/v2\/product_tag?post=90246"}],"curies":[{"name":"wp","href":"https:\/\/api.w.org\/{rel}","templated":true}]}}