{"id":90216,"date":"2025-11-12T07:26:51","date_gmt":"2025-11-12T06:26:51","guid":{"rendered":"https:\/\/www.ernstbrunn-apotheke.at\/katalog\/produkt\/sebamed-seifenfreies-waschstueck\/"},"modified":"2025-12-08T20:19:53","modified_gmt":"2025-12-08T19:19:53","slug":"sebamed-seifenfreies-waschstueck","status":"publish","type":"product","link":"https:\/\/www.ernstbrunn-apotheke.at\/katalog\/produkt\/sebamed-seifenfreies-waschstueck\/","title":{"rendered":"Sebamed Seifenfreies Waschst\u00fcck"},"content":{"rendered":"<p>Ein neuartiger, besonders hautschonender Reinigungsstoff auf Basis nat\u00fcrlicher Aminos\u00e4uren in Verbindung mit nat\u00fcrlichem Polyfructosan und Vitamin E sowie hautgl\u00e4ttendem Panthenol verleiht neben Sauberkeit und Frische ein angenehm glattes Hautgef\u00fchl. Der pH-Wert 5,5 f\u00f6rdert die hauteigenen Schutzfunktionen gegen sch\u00e4digende \u00e4u\u00dfere Einfl\u00fcsse.  Bei Hauterkrankungen und Seifenverbot nach R\u00fccksprache mit dem Arzt.<\/p>\n","protected":false},"excerpt":{"rendered":"<p>Ein neuartiger, besonders hautschonender Reinigungsstoff auf Basis nat\u00fcrlicher Aminos\u00e4uren in Verbindung mit nat\u00fcrlichem Polyfructosan und Vitamin E sowie hautgl\u00e4ttendem Panthenol verleiht neben Sauberkeit und Frische ein angenehm glattes Hautgef\u00fchl. Der pH-Wert 5,5 f\u00f6rdert die hauteigenen Schutzfunktionen gegen sch\u00e4digende \u00e4u\u00dfere Einfl\u00fcsse. Bei Hauterkrankungen und Seifenverbot nach R\u00fccksprache mit dem Arzt.<\/p>\n","protected":false},"featured_media":90218,"template":"","meta":{"_acf_changed":false},"product_brand":[737],"product_cat":[791],"product_tag":[],"class_list":{"0":"post-90216","1":"product","2":"type-product","3":"status-publish","4":"has-post-thumbnail","6":"product_brand-sebamed","7":"product_cat-s","8":"pa_packungsgroesse-150g","10":"first","11":"instock","12":"shipping-taxable","13":"purchasable","14":"product-type-simple"},"acf":[],"_links":{"self":[{"href":"https:\/\/www.ernstbrunn-apotheke.at\/katalog\/wp-json\/wp\/v2\/product\/90216","targetHints":{"allow":["GET"]}}],"collection":[{"href":"https:\/\/www.ernstbrunn-apotheke.at\/katalog\/wp-json\/wp\/v2\/product"}],"about":[{"href":"https:\/\/www.ernstbrunn-apotheke.at\/katalog\/wp-json\/wp\/v2\/types\/product"}],"wp:featuredmedia":[{"embeddable":true,"href":"https:\/\/www.ernstbrunn-apotheke.at\/katalog\/wp-json\/wp\/v2\/media\/90218"}],"wp:attachment":[{"href":"https:\/\/www.ernstbrunn-apotheke.at\/katalog\/wp-json\/wp\/v2\/media?parent=90216"}],"wp:term":[{"taxonomy":"product_brand","embeddable":true,"href":"https:\/\/www.ernstbrunn-apotheke.at\/katalog\/wp-json\/wp\/v2\/product_brand?post=90216"},{"taxonomy":"product_cat","embeddable":true,"href":"https:\/\/www.ernstbrunn-apotheke.at\/katalog\/wp-json\/wp\/v2\/product_cat?post=90216"},{"taxonomy":"product_tag","embeddable":true,"href":"https:\/\/www.ernstbrunn-apotheke.at\/katalog\/wp-json\/wp\/v2\/product_tag?post=90216"}],"curies":[{"name":"wp","href":"https:\/\/api.w.org\/{rel}","templated":true}]}}