{"id":90206,"date":"2025-11-12T07:26:51","date_gmt":"2025-11-12T06:26:51","guid":{"rendered":"https:\/\/www.ernstbrunn-apotheke.at\/katalog\/produkt\/eubos-creme-oelbad\/"},"modified":"2025-12-08T20:19:49","modified_gmt":"2025-12-08T19:19:49","slug":"eubos-creme-oelbad","status":"publish","type":"product","link":"https:\/\/www.ernstbrunn-apotheke.at\/katalog\/produkt\/eubos-creme-oelbad\/","title":{"rendered":"Eubos Creme \u00d6lbad"},"content":{"rendered":"<p>Eubos Creme \u00d6lbad ist ein leicht sch\u00e4umendes Badekonzentrat, das trockene, empfindliche und zu Juckreiz neigende Haut schon w\u00e4hrend des Badens mit wertvollen, r\u00fcckfettenden Lipiden versorgt. Stabilisiert die nat\u00fcrliche Biosph\u00e4re der Haut, wirkt Spannungsgef\u00fchl und Juckreiz entgegen.<\/p>\n","protected":false},"excerpt":{"rendered":"<p>Eubos Creme \u00d6lbad ist ein leicht sch\u00e4umendes Badekonzentrat, das trockene, empfindliche und zu Juckreiz neigende Haut schon w\u00e4hrend des Badens mit wertvollen, r\u00fcckfettenden Lipiden versorgt. Stabilisiert die nat\u00fcrliche Biosph\u00e4re der Haut, wirkt Spannungsgef\u00fchl und Juckreiz entgegen.<\/p>\n","protected":false},"featured_media":90208,"template":"","meta":{"_acf_changed":false},"product_brand":[694],"product_cat":[794],"product_tag":[],"class_list":{"0":"post-90206","1":"product","2":"type-product","3":"status-publish","4":"has-post-thumbnail","6":"product_brand-eubos","7":"product_cat-e","8":"pa_packungsgroesse-200ml","10":"first","11":"instock","12":"shipping-taxable","13":"purchasable","14":"product-type-simple"},"acf":[],"_links":{"self":[{"href":"https:\/\/www.ernstbrunn-apotheke.at\/katalog\/wp-json\/wp\/v2\/product\/90206","targetHints":{"allow":["GET"]}}],"collection":[{"href":"https:\/\/www.ernstbrunn-apotheke.at\/katalog\/wp-json\/wp\/v2\/product"}],"about":[{"href":"https:\/\/www.ernstbrunn-apotheke.at\/katalog\/wp-json\/wp\/v2\/types\/product"}],"wp:featuredmedia":[{"embeddable":true,"href":"https:\/\/www.ernstbrunn-apotheke.at\/katalog\/wp-json\/wp\/v2\/media\/90208"}],"wp:attachment":[{"href":"https:\/\/www.ernstbrunn-apotheke.at\/katalog\/wp-json\/wp\/v2\/media?parent=90206"}],"wp:term":[{"taxonomy":"product_brand","embeddable":true,"href":"https:\/\/www.ernstbrunn-apotheke.at\/katalog\/wp-json\/wp\/v2\/product_brand?post=90206"},{"taxonomy":"product_cat","embeddable":true,"href":"https:\/\/www.ernstbrunn-apotheke.at\/katalog\/wp-json\/wp\/v2\/product_cat?post=90206"},{"taxonomy":"product_tag","embeddable":true,"href":"https:\/\/www.ernstbrunn-apotheke.at\/katalog\/wp-json\/wp\/v2\/product_tag?post=90206"}],"curies":[{"name":"wp","href":"https:\/\/api.w.org\/{rel}","templated":true}]}}