{"id":90171,"date":"2025-11-12T07:26:11","date_gmt":"2025-11-12T06:26:11","guid":{"rendered":"https:\/\/www.ernstbrunn-apotheke.at\/katalog\/produkt\/eubos-fluessig-wasch-und-dusch-rot-200-ml\/"},"modified":"2025-12-08T20:19:42","modified_gmt":"2025-12-08T19:19:42","slug":"eubos-fluessig-wasch-und-dusch-rot-200-ml","status":"publish","type":"product","link":"https:\/\/www.ernstbrunn-apotheke.at\/katalog\/produkt\/eubos-fluessig-wasch-und-dusch-rot-200-ml\/","title":{"rendered":"Eubos Fl\u00fcssig Wasch und Dusch Rot 200 ml"},"content":{"rendered":"<p>Egal ob waschen, duschen oder baden \u2013 mit der milden Fl\u00fcssigpflege reinigen Sie selbst sensible oder problematische Haut schonend und gleichzeitig porentief. Dabei erh\u00e4lt die Haut Allantoin und nat\u00fcrlichen Feuchthaltefaktor, wodurch sie nat\u00fcrlich gesch\u00fctzt bleibt.<\/p>\n","protected":false},"excerpt":{"rendered":"<p>Egal ob waschen, duschen oder baden \u2013 mit der milden Fl\u00fcssigpflege reinigen Sie selbst sensible oder problematische Haut schonend und gleichzeitig porentief. Dabei erh\u00e4lt die Haut Allantoin und nat\u00fcrlichen Feuchthaltefaktor, wodurch sie nat\u00fcrlich gesch\u00fctzt bleibt.<\/p>\n","protected":false},"featured_media":90173,"template":"","meta":{"_acf_changed":false},"product_brand":[694],"product_cat":[794],"product_tag":[],"class_list":{"0":"post-90171","1":"product","2":"type-product","3":"status-publish","4":"has-post-thumbnail","6":"product_brand-eubos","7":"product_cat-e","8":"pa_packungsgroesse-200ml","10":"first","11":"instock","12":"shipping-taxable","13":"purchasable","14":"product-type-simple"},"acf":[],"_links":{"self":[{"href":"https:\/\/www.ernstbrunn-apotheke.at\/katalog\/wp-json\/wp\/v2\/product\/90171","targetHints":{"allow":["GET"]}}],"collection":[{"href":"https:\/\/www.ernstbrunn-apotheke.at\/katalog\/wp-json\/wp\/v2\/product"}],"about":[{"href":"https:\/\/www.ernstbrunn-apotheke.at\/katalog\/wp-json\/wp\/v2\/types\/product"}],"wp:featuredmedia":[{"embeddable":true,"href":"https:\/\/www.ernstbrunn-apotheke.at\/katalog\/wp-json\/wp\/v2\/media\/90173"}],"wp:attachment":[{"href":"https:\/\/www.ernstbrunn-apotheke.at\/katalog\/wp-json\/wp\/v2\/media?parent=90171"}],"wp:term":[{"taxonomy":"product_brand","embeddable":true,"href":"https:\/\/www.ernstbrunn-apotheke.at\/katalog\/wp-json\/wp\/v2\/product_brand?post=90171"},{"taxonomy":"product_cat","embeddable":true,"href":"https:\/\/www.ernstbrunn-apotheke.at\/katalog\/wp-json\/wp\/v2\/product_cat?post=90171"},{"taxonomy":"product_tag","embeddable":true,"href":"https:\/\/www.ernstbrunn-apotheke.at\/katalog\/wp-json\/wp\/v2\/product_tag?post=90171"}],"curies":[{"name":"wp","href":"https:\/\/api.w.org\/{rel}","templated":true}]}}