{"id":9009,"date":"2025-11-07T13:51:51","date_gmt":"2025-11-07T12:51:51","guid":{"rendered":"https:\/\/www.ernstbrunn-apotheke.at\/katalog\/produkt\/orthomol-amd-extra-kapseln-120-stk\/"},"modified":"2025-12-08T13:26:43","modified_gmt":"2025-12-08T12:26:43","slug":"orthomol-amd-extra-kapseln-120-stk","status":"publish","type":"product","link":"https:\/\/www.ernstbrunn-apotheke.at\/katalog\/produkt\/orthomol-amd-extra-kapseln-120-stk\/","title":{"rendered":"Orthomol AMD extra Kapseln 120 Stk."},"content":{"rendered":"<p>Orthomol AMD extra Kapseln wurden speziell f\u00fcr Patienten mit altersbedingter Makuladegeneration entwickelt. Die Kapseln liefern dem K\u00f6rper eine spezielle Kombination unterschiedlicher N\u00e4hrstoffe, die das Auge gezielt unterst\u00fctzen.<\/p>\n","protected":false},"excerpt":{"rendered":"<p>Orthomol AMD extra Kapseln wurden speziell f\u00fcr Patienten mit altersbedingter Makuladegeneration entwickelt. Die Kapseln liefern dem K\u00f6rper eine spezielle Kombination unterschiedlicher N\u00e4hrstoffe, die das Auge gezielt unterst\u00fctzen.<\/p>\n","protected":false},"featured_media":9011,"template":"","meta":{"_acf_changed":false},"product_brand":[387],"product_cat":[819],"product_tag":[],"class_list":{"0":"post-9009","1":"product","2":"type-product","3":"status-publish","4":"has-post-thumbnail","6":"product_brand-orthomol","7":"product_cat-o","8":"pa_packungsgroesse-120-stueck","10":"first","11":"instock","12":"shipping-taxable","13":"purchasable","14":"product-type-simple"},"acf":[],"_links":{"self":[{"href":"https:\/\/www.ernstbrunn-apotheke.at\/katalog\/wp-json\/wp\/v2\/product\/9009","targetHints":{"allow":["GET"]}}],"collection":[{"href":"https:\/\/www.ernstbrunn-apotheke.at\/katalog\/wp-json\/wp\/v2\/product"}],"about":[{"href":"https:\/\/www.ernstbrunn-apotheke.at\/katalog\/wp-json\/wp\/v2\/types\/product"}],"wp:featuredmedia":[{"embeddable":true,"href":"https:\/\/www.ernstbrunn-apotheke.at\/katalog\/wp-json\/wp\/v2\/media\/9011"}],"wp:attachment":[{"href":"https:\/\/www.ernstbrunn-apotheke.at\/katalog\/wp-json\/wp\/v2\/media?parent=9009"}],"wp:term":[{"taxonomy":"product_brand","embeddable":true,"href":"https:\/\/www.ernstbrunn-apotheke.at\/katalog\/wp-json\/wp\/v2\/product_brand?post=9009"},{"taxonomy":"product_cat","embeddable":true,"href":"https:\/\/www.ernstbrunn-apotheke.at\/katalog\/wp-json\/wp\/v2\/product_cat?post=9009"},{"taxonomy":"product_tag","embeddable":true,"href":"https:\/\/www.ernstbrunn-apotheke.at\/katalog\/wp-json\/wp\/v2\/product_tag?post=9009"}],"curies":[{"name":"wp","href":"https:\/\/api.w.org\/{rel}","templated":true}]}}