{"id":90081,"date":"2025-11-12T07:24:04","date_gmt":"2025-11-12T06:24:04","guid":{"rendered":"https:\/\/www.ernstbrunn-apotheke.at\/katalog\/produkt\/gehwol-fusscreme-75-ml\/"},"modified":"2025-12-08T20:19:20","modified_gmt":"2025-12-08T19:19:20","slug":"gehwol-fusscreme-75-ml","status":"publish","type":"product","link":"https:\/\/www.ernstbrunn-apotheke.at\/katalog\/produkt\/gehwol-fusscreme-75-ml\/","title":{"rendered":"Gehwol Fu\u00dfcreme 75 ml"},"content":{"rendered":"<p>Verwenden Sie Gehwol Fu\u00dfkrem f\u00fcr strapazierte F\u00fc\u00dfe und stark beanspruchte Haut verh\u00fctet Wund- und Blasenlaufen.<\/p>\n","protected":false},"excerpt":{"rendered":"<p>Verwenden Sie Gehwol Fu\u00dfkrem f\u00fcr strapazierte F\u00fc\u00dfe und stark beanspruchte Haut verh\u00fctet Wund- und Blasenlaufen.<\/p>\n","protected":false},"featured_media":90083,"template":"","meta":{"_acf_changed":false},"product_brand":[320],"product_cat":[810],"product_tag":[],"class_list":{"0":"post-90081","1":"product","2":"type-product","3":"status-publish","4":"has-post-thumbnail","6":"product_brand-gehwol","7":"product_cat-g","8":"pa_packungsgroesse-75ml","10":"first","11":"instock","12":"shipping-taxable","13":"purchasable","14":"product-type-simple"},"acf":[],"_links":{"self":[{"href":"https:\/\/www.ernstbrunn-apotheke.at\/katalog\/wp-json\/wp\/v2\/product\/90081","targetHints":{"allow":["GET"]}}],"collection":[{"href":"https:\/\/www.ernstbrunn-apotheke.at\/katalog\/wp-json\/wp\/v2\/product"}],"about":[{"href":"https:\/\/www.ernstbrunn-apotheke.at\/katalog\/wp-json\/wp\/v2\/types\/product"}],"wp:featuredmedia":[{"embeddable":true,"href":"https:\/\/www.ernstbrunn-apotheke.at\/katalog\/wp-json\/wp\/v2\/media\/90083"}],"wp:attachment":[{"href":"https:\/\/www.ernstbrunn-apotheke.at\/katalog\/wp-json\/wp\/v2\/media?parent=90081"}],"wp:term":[{"taxonomy":"product_brand","embeddable":true,"href":"https:\/\/www.ernstbrunn-apotheke.at\/katalog\/wp-json\/wp\/v2\/product_brand?post=90081"},{"taxonomy":"product_cat","embeddable":true,"href":"https:\/\/www.ernstbrunn-apotheke.at\/katalog\/wp-json\/wp\/v2\/product_cat?post=90081"},{"taxonomy":"product_tag","embeddable":true,"href":"https:\/\/www.ernstbrunn-apotheke.at\/katalog\/wp-json\/wp\/v2\/product_tag?post=90081"}],"curies":[{"name":"wp","href":"https:\/\/api.w.org\/{rel}","templated":true}]}}