{"id":90077,"date":"2025-11-12T07:24:04","date_gmt":"2025-11-12T06:24:04","guid":{"rendered":"https:\/\/www.ernstbrunn-apotheke.at\/katalog\/produkt\/allgaeuer-latschenkiefer-fussbalsam-2\/"},"modified":"2025-12-08T20:19:18","modified_gmt":"2025-12-08T19:19:18","slug":"allgaeuer-latschenkiefer-fussbalsam-2","status":"publish","type":"product","link":"https:\/\/www.ernstbrunn-apotheke.at\/katalog\/produkt\/allgaeuer-latschenkiefer-fussbalsam-2\/","title":{"rendered":"Allg\u00e4uer Latschenkiefer Fu\u00dfbalsam"},"content":{"rendered":"<p>Allg\u00e4uer Latschenkiefer Fu\u00dfbalsam enth\u00e4lt nat\u00fcrliches Allg\u00e4uer Latschenkiefern\u00f6l, das die Durchblutung der F\u00fc\u00dfe f\u00f6rdert. Der Balsam pflegt die beanspruchten Hautstellen, die Haut wird geschmeidig und widerstandsf\u00e4hig. Die antibakterielle Wirkung vermindert zudem die Geruchsbildung.<\/p>\n","protected":false},"excerpt":{"rendered":"<p>Allg\u00e4uer Latschenkiefer Fu\u00dfbalsam enth\u00e4lt nat\u00fcrliches Allg\u00e4uer Latschenkiefern\u00f6l, das die Durchblutung der F\u00fc\u00dfe f\u00f6rdert. Der Balsam pflegt die beanspruchten Hautstellen, die Haut wird geschmeidig und widerstandsf\u00e4hig. Die antibakterielle Wirkung vermindert zudem die Geruchsbildung.<\/p>\n","protected":false},"featured_media":90079,"template":"","meta":{"_acf_changed":false},"product_brand":[744],"product_cat":[801],"product_tag":[],"class_list":{"0":"post-90077","1":"product","2":"type-product","3":"status-publish","4":"has-post-thumbnail","6":"product_brand-allgaeuer-latschenkiefer","7":"product_cat-a","8":"pa_packungsgroesse-100ml","10":"first","11":"instock","12":"shipping-taxable","13":"purchasable","14":"product-type-simple"},"acf":[],"_links":{"self":[{"href":"https:\/\/www.ernstbrunn-apotheke.at\/katalog\/wp-json\/wp\/v2\/product\/90077","targetHints":{"allow":["GET"]}}],"collection":[{"href":"https:\/\/www.ernstbrunn-apotheke.at\/katalog\/wp-json\/wp\/v2\/product"}],"about":[{"href":"https:\/\/www.ernstbrunn-apotheke.at\/katalog\/wp-json\/wp\/v2\/types\/product"}],"wp:featuredmedia":[{"embeddable":true,"href":"https:\/\/www.ernstbrunn-apotheke.at\/katalog\/wp-json\/wp\/v2\/media\/90079"}],"wp:attachment":[{"href":"https:\/\/www.ernstbrunn-apotheke.at\/katalog\/wp-json\/wp\/v2\/media?parent=90077"}],"wp:term":[{"taxonomy":"product_brand","embeddable":true,"href":"https:\/\/www.ernstbrunn-apotheke.at\/katalog\/wp-json\/wp\/v2\/product_brand?post=90077"},{"taxonomy":"product_cat","embeddable":true,"href":"https:\/\/www.ernstbrunn-apotheke.at\/katalog\/wp-json\/wp\/v2\/product_cat?post=90077"},{"taxonomy":"product_tag","embeddable":true,"href":"https:\/\/www.ernstbrunn-apotheke.at\/katalog\/wp-json\/wp\/v2\/product_tag?post=90077"}],"curies":[{"name":"wp","href":"https:\/\/api.w.org\/{rel}","templated":true}]}}