{"id":90062,"date":"2025-11-12T07:24:04","date_gmt":"2025-11-12T06:24:04","guid":{"rendered":"https:\/\/www.ernstbrunn-apotheke.at\/katalog\/produkt\/allgaeuer-latschenkiefer-sole-fussbad\/"},"modified":"2025-12-08T20:19:15","modified_gmt":"2025-12-08T19:19:15","slug":"allgaeuer-latschenkiefer-sole-fussbad","status":"publish","type":"product","link":"https:\/\/www.ernstbrunn-apotheke.at\/katalog\/produkt\/allgaeuer-latschenkiefer-sole-fussbad\/","title":{"rendered":"Allg\u00e4uer Latschenkiefer Sole Fu\u00dfbad"},"content":{"rendered":"<p>Allg\u00e4uer Latschenkiefer Sole Fu\u00dfbad besteht aus reinem Latschenkiefern\u00f6l und nat\u00fcrlichem Quell Solesalz und wirkt anregend f\u00fcr die Blutzirkulation. Beanspruchte, strapazierte F\u00fc\u00dfe werden neu belebt und erhalten frische Kraft. Strapazierte Hautstellen werden sanft gereinigt und nachhaltig gepflegt.<\/p>\n","protected":false},"excerpt":{"rendered":"<p>Allg\u00e4uer Latschenkiefer Sole Fu\u00dfbad besteht aus reinem Latschenkiefern\u00f6l und nat\u00fcrlichem Quell Solesalz und wirkt anregend f\u00fcr die Blutzirkulation. Beanspruchte, strapazierte F\u00fc\u00dfe werden neu belebt und erhalten frische Kraft. Strapazierte Hautstellen werden sanft gereinigt und nachhaltig gepflegt.<\/p>\n","protected":false},"featured_media":90064,"template":"","meta":{"_acf_changed":false},"product_brand":[744],"product_cat":[801],"product_tag":[],"class_list":{"0":"post-90062","1":"product","2":"type-product","3":"status-publish","4":"has-post-thumbnail","6":"product_brand-allgaeuer-latschenkiefer","7":"product_cat-a","8":"pa_packungsgroesse-100g","10":"first","11":"instock","12":"shipping-taxable","13":"purchasable","14":"product-type-simple"},"acf":[],"_links":{"self":[{"href":"https:\/\/www.ernstbrunn-apotheke.at\/katalog\/wp-json\/wp\/v2\/product\/90062","targetHints":{"allow":["GET"]}}],"collection":[{"href":"https:\/\/www.ernstbrunn-apotheke.at\/katalog\/wp-json\/wp\/v2\/product"}],"about":[{"href":"https:\/\/www.ernstbrunn-apotheke.at\/katalog\/wp-json\/wp\/v2\/types\/product"}],"wp:featuredmedia":[{"embeddable":true,"href":"https:\/\/www.ernstbrunn-apotheke.at\/katalog\/wp-json\/wp\/v2\/media\/90064"}],"wp:attachment":[{"href":"https:\/\/www.ernstbrunn-apotheke.at\/katalog\/wp-json\/wp\/v2\/media?parent=90062"}],"wp:term":[{"taxonomy":"product_brand","embeddable":true,"href":"https:\/\/www.ernstbrunn-apotheke.at\/katalog\/wp-json\/wp\/v2\/product_brand?post=90062"},{"taxonomy":"product_cat","embeddable":true,"href":"https:\/\/www.ernstbrunn-apotheke.at\/katalog\/wp-json\/wp\/v2\/product_cat?post=90062"},{"taxonomy":"product_tag","embeddable":true,"href":"https:\/\/www.ernstbrunn-apotheke.at\/katalog\/wp-json\/wp\/v2\/product_tag?post=90062"}],"curies":[{"name":"wp","href":"https:\/\/api.w.org\/{rel}","templated":true}]}}