{"id":8999,"date":"2025-11-07T13:51:23","date_gmt":"2025-11-07T12:51:23","guid":{"rendered":"https:\/\/www.ernstbrunn-apotheke.at\/katalog\/produkt\/blink-intensive-tears-augentropfen\/"},"modified":"2025-12-08T13:26:43","modified_gmt":"2025-12-08T12:26:43","slug":"blink-intensive-tears-augentropfen","status":"publish","type":"product","link":"https:\/\/www.ernstbrunn-apotheke.at\/katalog\/produkt\/blink-intensive-tears-augentropfen\/","title":{"rendered":"BLINK INTENSIVE TEARS Augentropfen"},"content":{"rendered":"<p>Blink Intensiv Tears sind sch\u00fctzende Augentropfen, welche die Feuchtigkeit l\u00e4nger am Auge halten. Die erh\u00f6hte Viskosit\u00e4t dieser Augentropfen verl\u00e4ngert die Benetzung und verbessert die Sehqualit\u00e4t. Vergleichsstudien zeigen, dass sie das Schleiersehen zudem deutlich verringern und wieder f\u00fcr klare Sicht sorgen.<\/p>\n","protected":false},"excerpt":{"rendered":"<p>Blink Intensiv Tears sind sch\u00fctzende Augentropfen, welche die Feuchtigkeit l\u00e4nger am Auge halten. Die erh\u00f6hte Viskosit\u00e4t dieser Augentropfen verl\u00e4ngert die Benetzung und verbessert die Sehqualit\u00e4t. Vergleichsstudien zeigen, dass sie das Schleiersehen zudem deutlich verringern und wieder f\u00fcr klare Sicht sorgen.<\/p>\n","protected":false},"featured_media":9001,"template":"","meta":{"_acf_changed":false},"product_brand":[],"product_cat":[802],"product_tag":[],"class_list":{"0":"post-8999","1":"product","2":"type-product","3":"status-publish","4":"has-post-thumbnail","6":"product_cat-b","7":"pa_packungsgroesse-20-stueck","9":"first","10":"instock","11":"shipping-taxable","12":"purchasable","13":"product-type-simple"},"acf":[],"_links":{"self":[{"href":"https:\/\/www.ernstbrunn-apotheke.at\/katalog\/wp-json\/wp\/v2\/product\/8999","targetHints":{"allow":["GET"]}}],"collection":[{"href":"https:\/\/www.ernstbrunn-apotheke.at\/katalog\/wp-json\/wp\/v2\/product"}],"about":[{"href":"https:\/\/www.ernstbrunn-apotheke.at\/katalog\/wp-json\/wp\/v2\/types\/product"}],"wp:featuredmedia":[{"embeddable":true,"href":"https:\/\/www.ernstbrunn-apotheke.at\/katalog\/wp-json\/wp\/v2\/media\/9001"}],"wp:attachment":[{"href":"https:\/\/www.ernstbrunn-apotheke.at\/katalog\/wp-json\/wp\/v2\/media?parent=8999"}],"wp:term":[{"taxonomy":"product_brand","embeddable":true,"href":"https:\/\/www.ernstbrunn-apotheke.at\/katalog\/wp-json\/wp\/v2\/product_brand?post=8999"},{"taxonomy":"product_cat","embeddable":true,"href":"https:\/\/www.ernstbrunn-apotheke.at\/katalog\/wp-json\/wp\/v2\/product_cat?post=8999"},{"taxonomy":"product_tag","embeddable":true,"href":"https:\/\/www.ernstbrunn-apotheke.at\/katalog\/wp-json\/wp\/v2\/product_tag?post=8999"}],"curies":[{"name":"wp","href":"https:\/\/api.w.org\/{rel}","templated":true}]}}