{"id":89976,"date":"2025-11-12T07:22:18","date_gmt":"2025-11-12T06:22:18","guid":{"rendered":"https:\/\/www.ernstbrunn-apotheke.at\/katalog\/produkt\/sulfoderm-s-teint-waschgel\/"},"modified":"2025-12-08T20:18:54","modified_gmt":"2025-12-08T19:18:54","slug":"sulfoderm-s-teint-waschgel","status":"publish","type":"product","link":"https:\/\/www.ernstbrunn-apotheke.at\/katalog\/produkt\/sulfoderm-s-teint-waschgel\/","title":{"rendered":"Sulfoderm S Teint Waschgel"},"content":{"rendered":"<p>Sulfoderm S Teint Waschgel ist ein mildes und antibakterielles Waschgel zur t\u00e4glichen Reinigung von Gesicht und K\u00f6rper. Um die optimale Wirkung des Produktes zu erhalten, Gesicht und K\u00f6rper mit diesem Waschgel morgens und abends einsch\u00e4umen und anschlie\u00dfend gut absp\u00fclen.<\/p>\n","protected":false},"excerpt":{"rendered":"<p>Sulfoderm S Teint Waschgel ist ein mildes und antibakterielles Waschgel zur t\u00e4glichen Reinigung von Gesicht und K\u00f6rper. Um die optimale Wirkung des Produktes zu erhalten, Gesicht und K\u00f6rper mit diesem Waschgel morgens und abends einsch\u00e4umen und anschlie\u00dfend gut absp\u00fclen.<\/p>\n","protected":false},"featured_media":89978,"template":"","meta":{"_acf_changed":false},"product_brand":[],"product_cat":[791],"product_tag":[],"class_list":{"0":"post-89976","1":"product","2":"type-product","3":"status-publish","4":"has-post-thumbnail","6":"product_cat-s","7":"pa_packungsgroesse-60ml","9":"first","10":"instock","11":"shipping-taxable","12":"purchasable","13":"product-type-simple"},"acf":[],"_links":{"self":[{"href":"https:\/\/www.ernstbrunn-apotheke.at\/katalog\/wp-json\/wp\/v2\/product\/89976","targetHints":{"allow":["GET"]}}],"collection":[{"href":"https:\/\/www.ernstbrunn-apotheke.at\/katalog\/wp-json\/wp\/v2\/product"}],"about":[{"href":"https:\/\/www.ernstbrunn-apotheke.at\/katalog\/wp-json\/wp\/v2\/types\/product"}],"wp:featuredmedia":[{"embeddable":true,"href":"https:\/\/www.ernstbrunn-apotheke.at\/katalog\/wp-json\/wp\/v2\/media\/89978"}],"wp:attachment":[{"href":"https:\/\/www.ernstbrunn-apotheke.at\/katalog\/wp-json\/wp\/v2\/media?parent=89976"}],"wp:term":[{"taxonomy":"product_brand","embeddable":true,"href":"https:\/\/www.ernstbrunn-apotheke.at\/katalog\/wp-json\/wp\/v2\/product_brand?post=89976"},{"taxonomy":"product_cat","embeddable":true,"href":"https:\/\/www.ernstbrunn-apotheke.at\/katalog\/wp-json\/wp\/v2\/product_cat?post=89976"},{"taxonomy":"product_tag","embeddable":true,"href":"https:\/\/www.ernstbrunn-apotheke.at\/katalog\/wp-json\/wp\/v2\/product_tag?post=89976"}],"curies":[{"name":"wp","href":"https:\/\/api.w.org\/{rel}","templated":true}]}}