{"id":89891,"date":"2025-11-12T07:19:43","date_gmt":"2025-11-12T06:19:43","guid":{"rendered":"https:\/\/www.ernstbrunn-apotheke.at\/katalog\/produkt\/wurzeltod-spezial-fussbad\/"},"modified":"2025-12-08T20:18:38","modified_gmt":"2025-12-08T19:18:38","slug":"wurzeltod-spezial-fussbad","status":"publish","type":"product","link":"https:\/\/www.ernstbrunn-apotheke.at\/katalog\/produkt\/wurzeltod-spezial-fussbad\/","title":{"rendered":"Wurzeltod Spezial-Fussbad"},"content":{"rendered":"<p>Wurzeltod Spezial-Fussbad wird bei Fu\u00dfproblemen, die h\u00e4ufig durch falsches Schuhwerk hervorgerufen werden, eingesetzt. Dazu z\u00e4hlen vor allem trockene und rissige Haut sowie Hyperkeratose. Das \u00e4therische Rosmarin\u00f6l f\u00f6rdert die Durchblutung und hat antimikrobielle Aktivit\u00e4t gegen Bakterien und Hefepilze. Das basische Fu\u00dfbad wirkt gleichzeitig entschlackend und macht die Haut zart und geschmeidig.<\/p>\n","protected":false},"excerpt":{"rendered":"<p>Wurzeltod Spezial-Fussbad wird bei Fu\u00dfproblemen, die h\u00e4ufig durch falsches Schuhwerk hervorgerufen werden, eingesetzt. Dazu z\u00e4hlen vor allem trockene und rissige Haut sowie Hyperkeratose. Das \u00e4therische Rosmarin\u00f6l f\u00f6rdert die Durchblutung und hat antimikrobielle Aktivit\u00e4t gegen Bakterien und Hefepilze. Das basische Fu\u00dfbad wirkt gleichzeitig entschlackend und macht die Haut zart und geschmeidig.<\/p>\n","protected":false},"featured_media":89893,"template":"","meta":{"_acf_changed":false},"product_brand":[],"product_cat":[796],"product_tag":[],"class_list":{"0":"post-89891","1":"product","2":"type-product","3":"status-publish","4":"has-post-thumbnail","6":"product_cat-w","7":"pa_packungsgroesse-250g","9":"first","10":"instock","11":"shipping-taxable","12":"purchasable","13":"product-type-simple"},"acf":[],"_links":{"self":[{"href":"https:\/\/www.ernstbrunn-apotheke.at\/katalog\/wp-json\/wp\/v2\/product\/89891","targetHints":{"allow":["GET"]}}],"collection":[{"href":"https:\/\/www.ernstbrunn-apotheke.at\/katalog\/wp-json\/wp\/v2\/product"}],"about":[{"href":"https:\/\/www.ernstbrunn-apotheke.at\/katalog\/wp-json\/wp\/v2\/types\/product"}],"wp:featuredmedia":[{"embeddable":true,"href":"https:\/\/www.ernstbrunn-apotheke.at\/katalog\/wp-json\/wp\/v2\/media\/89893"}],"wp:attachment":[{"href":"https:\/\/www.ernstbrunn-apotheke.at\/katalog\/wp-json\/wp\/v2\/media?parent=89891"}],"wp:term":[{"taxonomy":"product_brand","embeddable":true,"href":"https:\/\/www.ernstbrunn-apotheke.at\/katalog\/wp-json\/wp\/v2\/product_brand?post=89891"},{"taxonomy":"product_cat","embeddable":true,"href":"https:\/\/www.ernstbrunn-apotheke.at\/katalog\/wp-json\/wp\/v2\/product_cat?post=89891"},{"taxonomy":"product_tag","embeddable":true,"href":"https:\/\/www.ernstbrunn-apotheke.at\/katalog\/wp-json\/wp\/v2\/product_tag?post=89891"}],"curies":[{"name":"wp","href":"https:\/\/api.w.org\/{rel}","templated":true}]}}