{"id":89876,"date":"2025-11-12T07:19:43","date_gmt":"2025-11-12T06:19:43","guid":{"rendered":"https:\/\/www.ernstbrunn-apotheke.at\/katalog\/produkt\/travogen-creme\/"},"modified":"2025-12-08T20:18:33","modified_gmt":"2025-12-08T19:18:33","slug":"travogen-creme","status":"publish","type":"product","link":"https:\/\/www.ernstbrunn-apotheke.at\/katalog\/produkt\/travogen-creme\/","title":{"rendered":"Travogen Creme"},"content":{"rendered":"<p>Travogen ist ein Arzneimittel zur Behandlung oberfl\u00e4chlicher Pilzerkrankungen der Haut, wie z. B. der Zehenzwischenr\u00e4ume, der H\u00e4nde, der Leistengegend, von Pilzerkrankungen im Genitalbereich sowie Erythrasma (Entz\u00fcndung der Haut durch eine bestimmte Bakteriengruppe).<\/p>\n","protected":false},"excerpt":{"rendered":"<p>Travogen ist ein Arzneimittel zur Behandlung oberfl\u00e4chlicher Pilzerkrankungen der Haut, wie z. B. der Zehenzwischenr\u00e4ume, der H\u00e4nde, der Leistengegend, von Pilzerkrankungen im Genitalbereich sowie Erythrasma (Entz\u00fcndung der Haut durch eine bestimmte Bakteriengruppe).<\/p>\n","protected":false},"featured_media":89878,"template":"","meta":{"_acf_changed":false},"product_brand":[],"product_cat":[798],"product_tag":[],"class_list":{"0":"post-89876","1":"product","2":"type-product","3":"status-publish","4":"has-post-thumbnail","6":"product_cat-t","7":"pa_packungsgroesse-30g","9":"first","10":"instock","11":"shipping-taxable","12":"purchasable","13":"product-type-simple"},"acf":[],"_links":{"self":[{"href":"https:\/\/www.ernstbrunn-apotheke.at\/katalog\/wp-json\/wp\/v2\/product\/89876","targetHints":{"allow":["GET"]}}],"collection":[{"href":"https:\/\/www.ernstbrunn-apotheke.at\/katalog\/wp-json\/wp\/v2\/product"}],"about":[{"href":"https:\/\/www.ernstbrunn-apotheke.at\/katalog\/wp-json\/wp\/v2\/types\/product"}],"wp:featuredmedia":[{"embeddable":true,"href":"https:\/\/www.ernstbrunn-apotheke.at\/katalog\/wp-json\/wp\/v2\/media\/89878"}],"wp:attachment":[{"href":"https:\/\/www.ernstbrunn-apotheke.at\/katalog\/wp-json\/wp\/v2\/media?parent=89876"}],"wp:term":[{"taxonomy":"product_brand","embeddable":true,"href":"https:\/\/www.ernstbrunn-apotheke.at\/katalog\/wp-json\/wp\/v2\/product_brand?post=89876"},{"taxonomy":"product_cat","embeddable":true,"href":"https:\/\/www.ernstbrunn-apotheke.at\/katalog\/wp-json\/wp\/v2\/product_cat?post=89876"},{"taxonomy":"product_tag","embeddable":true,"href":"https:\/\/www.ernstbrunn-apotheke.at\/katalog\/wp-json\/wp\/v2\/product_tag?post=89876"}],"curies":[{"name":"wp","href":"https:\/\/api.w.org\/{rel}","templated":true}]}}