{"id":89868,"date":"2025-11-12T07:19:43","date_gmt":"2025-11-12T06:19:43","guid":{"rendered":"https:\/\/www.ernstbrunn-apotheke.at\/katalog\/produkt\/canesten-clotrimazol-creme\/"},"modified":"2025-12-08T20:18:32","modified_gmt":"2025-12-08T19:18:32","slug":"canesten-clotrimazol-creme","status":"publish","type":"product","link":"https:\/\/www.ernstbrunn-apotheke.at\/katalog\/produkt\/canesten-clotrimazol-creme\/","title":{"rendered":"Canesten Clotrimazol Creme"},"content":{"rendered":"<p>Canesten Clotrimazol Creme ist ein Arzneimittel zur Behandlung von Pilzerkrankungen (Mykosen) der Haut und Schleimhaut. Die Creme wird bei Pilzerkrankungen der F\u00fc\u00dfe, meist im Zwischenzehenraum, der Fu\u00dfsohle und der N\u00e4gel angewendet, sowie bei Infektionen der Schamlippen und angrenzender Bereiche, Entz\u00fcndungen von Eichel und Vorhaut des Mannes. Juckende Bl\u00e4schen, R\u00f6tung sowie Schuppung, auch Schwellung sind meist deutliche Hinweise auf eine Pilzerkrankung.<\/p>\n","protected":false},"excerpt":{"rendered":"<p>Canesten Clotrimazol Creme ist ein Arzneimittel zur Behandlung von Pilzerkrankungen (Mykosen) der Haut und Schleimhaut. Die Creme wird bei Pilzerkrankungen der F\u00fc\u00dfe, meist im Zwischenzehenraum, der Fu\u00dfsohle und der N\u00e4gel angewendet, sowie bei Infektionen der Schamlippen und angrenzender Bereiche, Entz\u00fcndungen von Eichel und Vorhaut des Mannes. Juckende Bl\u00e4schen, R\u00f6tung sowie Schuppung, auch Schwellung sind meist [&hellip;]<\/p>\n","protected":false},"featured_media":89870,"template":"","meta":{"_acf_changed":false},"product_brand":[],"product_cat":[812],"product_tag":[],"class_list":{"0":"post-89868","1":"product","2":"type-product","3":"status-publish","4":"has-post-thumbnail","6":"product_cat-c","7":"pa_packungsgroesse-30g","9":"first","10":"instock","11":"shipping-taxable","12":"purchasable","13":"product-type-simple"},"acf":[],"_links":{"self":[{"href":"https:\/\/www.ernstbrunn-apotheke.at\/katalog\/wp-json\/wp\/v2\/product\/89868","targetHints":{"allow":["GET"]}}],"collection":[{"href":"https:\/\/www.ernstbrunn-apotheke.at\/katalog\/wp-json\/wp\/v2\/product"}],"about":[{"href":"https:\/\/www.ernstbrunn-apotheke.at\/katalog\/wp-json\/wp\/v2\/types\/product"}],"wp:featuredmedia":[{"embeddable":true,"href":"https:\/\/www.ernstbrunn-apotheke.at\/katalog\/wp-json\/wp\/v2\/media\/89870"}],"wp:attachment":[{"href":"https:\/\/www.ernstbrunn-apotheke.at\/katalog\/wp-json\/wp\/v2\/media?parent=89868"}],"wp:term":[{"taxonomy":"product_brand","embeddable":true,"href":"https:\/\/www.ernstbrunn-apotheke.at\/katalog\/wp-json\/wp\/v2\/product_brand?post=89868"},{"taxonomy":"product_cat","embeddable":true,"href":"https:\/\/www.ernstbrunn-apotheke.at\/katalog\/wp-json\/wp\/v2\/product_cat?post=89868"},{"taxonomy":"product_tag","embeddable":true,"href":"https:\/\/www.ernstbrunn-apotheke.at\/katalog\/wp-json\/wp\/v2\/product_tag?post=89868"}],"curies":[{"name":"wp","href":"https:\/\/api.w.org\/{rel}","templated":true}]}}