{"id":89852,"date":"2025-11-12T07:19:04","date_gmt":"2025-11-12T06:19:04","guid":{"rendered":"https:\/\/www.ernstbrunn-apotheke.at\/katalog\/produkt\/aqua-non-hermal-100-ml\/"},"modified":"2025-12-08T20:18:27","modified_gmt":"2025-12-08T19:18:27","slug":"aqua-non-hermal-100-ml","status":"publish","type":"product","link":"https:\/\/www.ernstbrunn-apotheke.at\/katalog\/produkt\/aqua-non-hermal-100-ml\/","title":{"rendered":"Aqua-non Hermal 100 ml"},"content":{"rendered":"<p>Aqua-non Hermal ist ein wasserabweisender medizinischer Hautschutz, welcher sch\u00fctzt nachhaltig und intensiv sch\u00fctzt, ohne zu kleben. Diese Emulsion vermindert das Herausl\u00f6sen der physiologischen Feuchthaltefaktoren, zieht schnell ein und ist zudem wasserabweisend.<\/p>\n","protected":false},"excerpt":{"rendered":"<p>Aqua-non Hermal ist ein wasserabweisender medizinischer Hautschutz, welcher sch\u00fctzt nachhaltig und intensiv sch\u00fctzt, ohne zu kleben. Diese Emulsion vermindert das Herausl\u00f6sen der physiologischen Feuchthaltefaktoren, zieht schnell ein und ist zudem wasserabweisend.<\/p>\n","protected":false},"featured_media":89854,"template":"","meta":{"_acf_changed":false},"product_brand":[],"product_cat":[801],"product_tag":[],"class_list":{"0":"post-89852","1":"product","2":"type-product","3":"status-publish","4":"has-post-thumbnail","6":"product_cat-a","7":"pa_packungsgroesse-100ml","9":"first","10":"instock","11":"shipping-taxable","12":"purchasable","13":"product-type-simple"},"acf":[],"_links":{"self":[{"href":"https:\/\/www.ernstbrunn-apotheke.at\/katalog\/wp-json\/wp\/v2\/product\/89852","targetHints":{"allow":["GET"]}}],"collection":[{"href":"https:\/\/www.ernstbrunn-apotheke.at\/katalog\/wp-json\/wp\/v2\/product"}],"about":[{"href":"https:\/\/www.ernstbrunn-apotheke.at\/katalog\/wp-json\/wp\/v2\/types\/product"}],"wp:featuredmedia":[{"embeddable":true,"href":"https:\/\/www.ernstbrunn-apotheke.at\/katalog\/wp-json\/wp\/v2\/media\/89854"}],"wp:attachment":[{"href":"https:\/\/www.ernstbrunn-apotheke.at\/katalog\/wp-json\/wp\/v2\/media?parent=89852"}],"wp:term":[{"taxonomy":"product_brand","embeddable":true,"href":"https:\/\/www.ernstbrunn-apotheke.at\/katalog\/wp-json\/wp\/v2\/product_brand?post=89852"},{"taxonomy":"product_cat","embeddable":true,"href":"https:\/\/www.ernstbrunn-apotheke.at\/katalog\/wp-json\/wp\/v2\/product_cat?post=89852"},{"taxonomy":"product_tag","embeddable":true,"href":"https:\/\/www.ernstbrunn-apotheke.at\/katalog\/wp-json\/wp\/v2\/product_tag?post=89852"}],"curies":[{"name":"wp","href":"https:\/\/api.w.org\/{rel}","templated":true}]}}