{"id":89809,"date":"2025-11-12T07:18:24","date_gmt":"2025-11-12T06:18:24","guid":{"rendered":"https:\/\/www.ernstbrunn-apotheke.at\/katalog\/produkt\/pantothen-salbe-5\/"},"modified":"2025-12-08T20:18:40","modified_gmt":"2025-12-08T19:18:40","slug":"pantothen-salbe-5","status":"publish","type":"product","link":"https:\/\/www.ernstbrunn-apotheke.at\/katalog\/produkt\/pantothen-salbe-5\/","title":{"rendered":"Pantothen Salbe 5%"},"content":{"rendered":"<p>Pantothen Salbe 5% wird angewendet zur \u00e4u\u00dferlichen Behandlung von Wunden und Entz\u00fcndungen von Haut und Schleimh\u00e4uten wie zum Beispiel. Dazu z\u00e4hlen Sonnenbrand, leichte Hautverletzungen, Sch\u00fcrfwunden, Analfissuren sowie Brandwunden. Diese reichhaltige Salbe dient der Verh\u00fctung und Behandlung von wunden Brustwarzen und wird auch in der S\u00e4uglingspflege zur Verh\u00fctung und Heilung von Wundsein eingesetzt.<\/p>\n","protected":false},"excerpt":{"rendered":"<p>Pantothen Salbe 5% wird angewendet zur \u00e4u\u00dferlichen Behandlung von Wunden und Entz\u00fcndungen von Haut und Schleimh\u00e4uten wie zum Beispiel. Dazu z\u00e4hlen Sonnenbrand, leichte Hautverletzungen, Sch\u00fcrfwunden, Analfissuren sowie Brandwunden. Diese reichhaltige Salbe dient der Verh\u00fctung und Behandlung von wunden Brustwarzen und wird auch in der S\u00e4uglingspflege zur Verh\u00fctung und Heilung von Wundsein eingesetzt.<\/p>\n","protected":false},"featured_media":89811,"template":"","meta":{"_acf_changed":false},"product_brand":[],"product_cat":[793],"product_tag":[],"class_list":{"0":"post-89809","1":"product","2":"type-product","3":"status-publish","4":"has-post-thumbnail","6":"product_cat-p","7":"pa_packungsgroesse-130g","8":"pa_packungsgroesse-30g","10":"first","11":"instock","12":"shipping-taxable","13":"purchasable","14":"product-type-variable"},"acf":[],"_links":{"self":[{"href":"https:\/\/www.ernstbrunn-apotheke.at\/katalog\/wp-json\/wp\/v2\/product\/89809","targetHints":{"allow":["GET"]}}],"collection":[{"href":"https:\/\/www.ernstbrunn-apotheke.at\/katalog\/wp-json\/wp\/v2\/product"}],"about":[{"href":"https:\/\/www.ernstbrunn-apotheke.at\/katalog\/wp-json\/wp\/v2\/types\/product"}],"wp:featuredmedia":[{"embeddable":true,"href":"https:\/\/www.ernstbrunn-apotheke.at\/katalog\/wp-json\/wp\/v2\/media\/89811"}],"wp:attachment":[{"href":"https:\/\/www.ernstbrunn-apotheke.at\/katalog\/wp-json\/wp\/v2\/media?parent=89809"}],"wp:term":[{"taxonomy":"product_brand","embeddable":true,"href":"https:\/\/www.ernstbrunn-apotheke.at\/katalog\/wp-json\/wp\/v2\/product_brand?post=89809"},{"taxonomy":"product_cat","embeddable":true,"href":"https:\/\/www.ernstbrunn-apotheke.at\/katalog\/wp-json\/wp\/v2\/product_cat?post=89809"},{"taxonomy":"product_tag","embeddable":true,"href":"https:\/\/www.ernstbrunn-apotheke.at\/katalog\/wp-json\/wp\/v2\/product_tag?post=89809"}],"curies":[{"name":"wp","href":"https:\/\/api.w.org\/{rel}","templated":true}]}}