{"id":89799,"date":"2025-11-12T07:18:24","date_gmt":"2025-11-12T06:18:24","guid":{"rendered":"https:\/\/www.ernstbrunn-apotheke.at\/katalog\/produkt\/helfe-heublumen-extrakt-1-l\/"},"modified":"2025-12-08T20:18:17","modified_gmt":"2025-12-08T19:18:17","slug":"helfe-heublumen-extrakt-1-l","status":"publish","type":"product","link":"https:\/\/www.ernstbrunn-apotheke.at\/katalog\/produkt\/helfe-heublumen-extrakt-1-l\/","title":{"rendered":"HELFE Heublumen Extrakt 1 L"},"content":{"rendered":"<p>Die Heublumen f\u00fcr das HELFE Heublumenextrakt werden in h\u00f6chster Qualit\u00e4t direkt von Vorarlberger Bergbauern bezogen, wo sie auf nat\u00fcrlichen, naturbelassenen Almwiesen wachsen. Durch speziell entwickelte, schonende Extraktionsmethoden bleiben alle wertvollen Inhaltsstoffe im Extrakt erhalten: Nur so k\u00f6nnen sie ihre volle Wirkung entfalten &#8211; n\u00e4mlich die Durchblutung der Haut f\u00f6rdern, Verspannungen l\u00f6sen und die Muskulatur lockern.<\/p>\n<p>&#13;<\/p>\n<p><strong>Wirkung:<\/strong><\/p>\n<p>&#13;<\/p>\n<ul>&#13;<\/p>\n<li>Erfrischend<\/li>\n<p>&#13;<\/p>\n<li>Lockert die Muskulatur<\/li>\n<p>&#13;<\/p>\n<li>Verspannungsl\u00f6send<\/li>\n<p>&#13;\n<\/ul>\n","protected":false},"excerpt":{"rendered":"<p>Die Heublumen f\u00fcr das HELFE Heublumenextrakt werden in h\u00f6chster Qualit\u00e4t direkt von Vorarlberger Bergbauern bezogen, wo sie auf nat\u00fcrlichen, naturbelassenen Almwiesen wachsen. Durch speziell entwickelte, schonende Extraktionsmethoden bleiben alle wertvollen Inhaltsstoffe im Extrakt erhalten: Nur so k\u00f6nnen sie ihre volle Wirkung entfalten &#8211; n\u00e4mlich die Durchblutung der Haut f\u00f6rdern, Verspannungen l\u00f6sen und die Muskulatur lockern. [&hellip;]<\/p>\n","protected":false},"featured_media":89801,"template":"","meta":{"_acf_changed":false},"product_brand":[655],"product_cat":[805],"product_tag":[],"class_list":{"0":"post-89799","1":"product","2":"type-product","3":"status-publish","4":"has-post-thumbnail","6":"product_brand-helfe","7":"product_cat-h","8":"pa_packungsgroesse-1l","10":"first","11":"instock","12":"shipping-taxable","13":"purchasable","14":"product-type-simple"},"acf":[],"_links":{"self":[{"href":"https:\/\/www.ernstbrunn-apotheke.at\/katalog\/wp-json\/wp\/v2\/product\/89799","targetHints":{"allow":["GET"]}}],"collection":[{"href":"https:\/\/www.ernstbrunn-apotheke.at\/katalog\/wp-json\/wp\/v2\/product"}],"about":[{"href":"https:\/\/www.ernstbrunn-apotheke.at\/katalog\/wp-json\/wp\/v2\/types\/product"}],"wp:featuredmedia":[{"embeddable":true,"href":"https:\/\/www.ernstbrunn-apotheke.at\/katalog\/wp-json\/wp\/v2\/media\/89801"}],"wp:attachment":[{"href":"https:\/\/www.ernstbrunn-apotheke.at\/katalog\/wp-json\/wp\/v2\/media?parent=89799"}],"wp:term":[{"taxonomy":"product_brand","embeddable":true,"href":"https:\/\/www.ernstbrunn-apotheke.at\/katalog\/wp-json\/wp\/v2\/product_brand?post=89799"},{"taxonomy":"product_cat","embeddable":true,"href":"https:\/\/www.ernstbrunn-apotheke.at\/katalog\/wp-json\/wp\/v2\/product_cat?post=89799"},{"taxonomy":"product_tag","embeddable":true,"href":"https:\/\/www.ernstbrunn-apotheke.at\/katalog\/wp-json\/wp\/v2\/product_tag?post=89799"}],"curies":[{"name":"wp","href":"https:\/\/api.w.org\/{rel}","templated":true}]}}