{"id":8978,"date":"2025-11-07T13:50:58","date_gmt":"2025-11-07T12:50:58","guid":{"rendered":"https:\/\/www.ernstbrunn-apotheke.at\/katalog\/produkt\/blink-lid-clean-reinigungstuecher\/"},"modified":"2025-12-08T13:26:35","modified_gmt":"2025-12-08T12:26:35","slug":"blink-lid-clean-reinigungstuecher","status":"publish","type":"product","link":"https:\/\/www.ernstbrunn-apotheke.at\/katalog\/produkt\/blink-lid-clean-reinigungstuecher\/","title":{"rendered":"Blink Lid &#8211; Clean Reinigungst\u00fccher"},"content":{"rendered":"<p>Blink Reinigungst\u00fccher sind sterile, hypoallergene Reinigungst\u00fccher f\u00fcr die Augenlider mit beruhigender Kamille zur Entfernung von Augensekreten oder anderen R\u00fcckst\u00e4nden. Die qualitativ hochwertigen T\u00fccher zur sanften Massage sind f\u00fcr f\u00fcr Babys, Kinder und Erwachsene ebenso geeignet wie f\u00fcr Kontaktlinsentr\u00e4ger.<\/p>\n","protected":false},"excerpt":{"rendered":"<p>Blink Reinigungst\u00fccher sind sterile, hypoallergene Reinigungst\u00fccher f\u00fcr die Augenlider mit beruhigender Kamille zur Entfernung von Augensekreten oder anderen R\u00fcckst\u00e4nden. Die qualitativ hochwertigen T\u00fccher zur sanften Massage sind f\u00fcr f\u00fcr Babys, Kinder und Erwachsene ebenso geeignet wie f\u00fcr Kontaktlinsentr\u00e4ger.<\/p>\n","protected":false},"featured_media":0,"template":"","meta":{"_acf_changed":false},"product_brand":[],"product_cat":[802],"product_tag":[],"class_list":{"0":"post-8978","1":"product","2":"type-product","3":"status-publish","5":"product_cat-b","6":"pa_packungsgroesse-20-stueck","8":"first","9":"instock","10":"shipping-taxable","11":"purchasable","12":"product-type-simple"},"acf":[],"_links":{"self":[{"href":"https:\/\/www.ernstbrunn-apotheke.at\/katalog\/wp-json\/wp\/v2\/product\/8978","targetHints":{"allow":["GET"]}}],"collection":[{"href":"https:\/\/www.ernstbrunn-apotheke.at\/katalog\/wp-json\/wp\/v2\/product"}],"about":[{"href":"https:\/\/www.ernstbrunn-apotheke.at\/katalog\/wp-json\/wp\/v2\/types\/product"}],"wp:attachment":[{"href":"https:\/\/www.ernstbrunn-apotheke.at\/katalog\/wp-json\/wp\/v2\/media?parent=8978"}],"wp:term":[{"taxonomy":"product_brand","embeddable":true,"href":"https:\/\/www.ernstbrunn-apotheke.at\/katalog\/wp-json\/wp\/v2\/product_brand?post=8978"},{"taxonomy":"product_cat","embeddable":true,"href":"https:\/\/www.ernstbrunn-apotheke.at\/katalog\/wp-json\/wp\/v2\/product_cat?post=8978"},{"taxonomy":"product_tag","embeddable":true,"href":"https:\/\/www.ernstbrunn-apotheke.at\/katalog\/wp-json\/wp\/v2\/product_tag?post=8978"}],"curies":[{"name":"wp","href":"https:\/\/api.w.org\/{rel}","templated":true}]}}