{"id":89742,"date":"2025-11-12T07:17:12","date_gmt":"2025-11-12T06:17:12","guid":{"rendered":"https:\/\/www.ernstbrunn-apotheke.at\/katalog\/produkt\/bano-calendulin-classic-ringelblumensalbe\/"},"modified":"2025-12-08T20:18:05","modified_gmt":"2025-12-08T19:18:05","slug":"bano-calendulin-classic-ringelblumensalbe","status":"publish","type":"product","link":"https:\/\/www.ernstbrunn-apotheke.at\/katalog\/produkt\/bano-calendulin-classic-ringelblumensalbe\/","title":{"rendered":"Bano Calendulin Classic Ringelblumensalbe"},"content":{"rendered":"<p>Die Calendulin Classic Ringelblumensalbe ist eine reichhaltige Hautpflege in Apothekenqualit\u00e4t, die den Regenerationsprozess beanspruchter Haut unterst\u00fctzt. Sie eignet sich ideal zur t\u00e4glichen K\u00f6rperpflege, wirkt unterst\u00fctzend bei Krampfadern und beruhigend bei Hautirritationen. Auch zur Narbenpflege ist sie bestens geeignet.<\/p>\n<p>&#13;<\/p>\n<p>Calendulin Classic enth\u00e4lt neben reinem\u00a0Ringelblumen\u00f6l\u00a0auch pflegendes Allantoin und zellsch\u00fctzendes Vitamin E.<\/p>\n<p>&#13;<\/p>\n<p>Aufgrund der Wirkstoffkombination wird die Calendulin Classic Ringelblumensalbe sehr gut von Neurodermitikern vertragen.<\/p>\n<p>&#13;<\/p>\n<p>Calendulin wurde vor rund 40 Jahren in der Arlberg Apotheke in St. Anton\/Arlberg entwickelt und ist seitdem eine der beliebtesten und meistverkauften Ringelblumensalben in \u00d6sterreichs Apotheken.<\/p>\n<p>&#13;<\/p>\n<p>\u00a0<\/p>\n<p>&#13;<\/p>\n<p><strong>Wirkung<\/strong><\/p>\n<p>&#13;<\/p>\n<p>Hochwertiges Ringelblumen\u00f6l aus den Bl\u00fcten der Calendula, Allantoin und Vitamin E pflegen und sch\u00fctzen strapazierte Haut und verleihen ihr samtige Geschmeidigkeit.<\/p>\n<p>&#13;<\/p>\n<p>Reines Calendula\u00f6l verleiht der Haut Elastizit\u00e4t, hilft gegen\u00a0Trockenheit\u00a0und Irritationen.<\/p>\n<p>&#13;<\/p>\n<p>Allantoin aktiviert die Zellerneuerung und Vitamin E sch\u00fctzt die Haut vor freien Radikalen. Trockene, raue Haut f\u00fchlt sich sofort gepflegt und entspannt an.<\/p>\n<p>&#13;<\/p>\n<p>Auch bei der Pflege von Narben entfaltet die Ringelblumensalbe ihre volle Wirkung.<\/p>\n","protected":false},"excerpt":{"rendered":"<p>Die Calendulin Classic Ringelblumensalbe ist eine reichhaltige Hautpflege in Apothekenqualit\u00e4t, die den Regenerationsprozess beanspruchter Haut unterst\u00fctzt. Sie eignet sich ideal zur t\u00e4glichen K\u00f6rperpflege, wirkt unterst\u00fctzend bei Krampfadern und beruhigend bei Hautirritationen. Auch zur Narbenpflege ist sie bestens geeignet. &#13; Calendulin Classic enth\u00e4lt neben reinem\u00a0Ringelblumen\u00f6l\u00a0auch pflegendes Allantoin und zellsch\u00fctzendes Vitamin E. &#13; Aufgrund der Wirkstoffkombination wird [&hellip;]<\/p>\n","protected":false},"featured_media":89744,"template":"","meta":{"_acf_changed":false},"product_brand":[1005],"product_cat":[802],"product_tag":[],"class_list":{"0":"post-89742","1":"product","2":"type-product","3":"status-publish","4":"has-post-thumbnail","6":"product_brand-bano","7":"product_cat-b","8":"pa_packungsgroesse-200ml","10":"first","11":"instock","12":"shipping-taxable","13":"purchasable","14":"product-type-simple"},"acf":[],"_links":{"self":[{"href":"https:\/\/www.ernstbrunn-apotheke.at\/katalog\/wp-json\/wp\/v2\/product\/89742","targetHints":{"allow":["GET"]}}],"collection":[{"href":"https:\/\/www.ernstbrunn-apotheke.at\/katalog\/wp-json\/wp\/v2\/product"}],"about":[{"href":"https:\/\/www.ernstbrunn-apotheke.at\/katalog\/wp-json\/wp\/v2\/types\/product"}],"wp:featuredmedia":[{"embeddable":true,"href":"https:\/\/www.ernstbrunn-apotheke.at\/katalog\/wp-json\/wp\/v2\/media\/89744"}],"wp:attachment":[{"href":"https:\/\/www.ernstbrunn-apotheke.at\/katalog\/wp-json\/wp\/v2\/media?parent=89742"}],"wp:term":[{"taxonomy":"product_brand","embeddable":true,"href":"https:\/\/www.ernstbrunn-apotheke.at\/katalog\/wp-json\/wp\/v2\/product_brand?post=89742"},{"taxonomy":"product_cat","embeddable":true,"href":"https:\/\/www.ernstbrunn-apotheke.at\/katalog\/wp-json\/wp\/v2\/product_cat?post=89742"},{"taxonomy":"product_tag","embeddable":true,"href":"https:\/\/www.ernstbrunn-apotheke.at\/katalog\/wp-json\/wp\/v2\/product_tag?post=89742"}],"curies":[{"name":"wp","href":"https:\/\/api.w.org\/{rel}","templated":true}]}}