{"id":89702,"date":"2025-11-12T07:16:17","date_gmt":"2025-11-12T06:16:17","guid":{"rendered":"https:\/\/www.ernstbrunn-apotheke.at\/katalog\/produkt\/tannosynt-fluessig-badekonzentrat\/"},"modified":"2025-12-08T20:17:58","modified_gmt":"2025-12-08T19:17:58","slug":"tannosynt-fluessig-badekonzentrat","status":"publish","type":"product","link":"https:\/\/www.ernstbrunn-apotheke.at\/katalog\/produkt\/tannosynt-fluessig-badekonzentrat\/","title":{"rendered":"Tannosynt fl\u00fcssig Badekonzentrat"},"content":{"rendered":"<p>TANNOSYNT\u00ae fl\u00fcssig Badekonzentrat ist ein w\u00e4ssriges Konzentrat zur Anwendung in Form von Umschl\u00e4gen, Waschungen und B\u00e4dern bei entz\u00fcndlichen, n\u00e4ssenden und juckenden Hauterkrankungen im akuten Stadium.<\/p>\n","protected":false},"excerpt":{"rendered":"<p>TANNOSYNT\u00ae fl\u00fcssig Badekonzentrat ist ein w\u00e4ssriges Konzentrat zur Anwendung in Form von Umschl\u00e4gen, Waschungen und B\u00e4dern bei entz\u00fcndlichen, n\u00e4ssenden und juckenden Hauterkrankungen im akuten Stadium.<\/p>\n","protected":false},"featured_media":89704,"template":"","meta":{"_acf_changed":false},"product_brand":[],"product_cat":[798],"product_tag":[],"class_list":{"0":"post-89702","1":"product","2":"type-product","3":"status-publish","4":"has-post-thumbnail","6":"product_cat-t","7":"pa_packungsgroesse-100g","9":"first","10":"instock","11":"shipping-taxable","12":"purchasable","13":"product-type-simple"},"acf":[],"_links":{"self":[{"href":"https:\/\/www.ernstbrunn-apotheke.at\/katalog\/wp-json\/wp\/v2\/product\/89702","targetHints":{"allow":["GET"]}}],"collection":[{"href":"https:\/\/www.ernstbrunn-apotheke.at\/katalog\/wp-json\/wp\/v2\/product"}],"about":[{"href":"https:\/\/www.ernstbrunn-apotheke.at\/katalog\/wp-json\/wp\/v2\/types\/product"}],"wp:featuredmedia":[{"embeddable":true,"href":"https:\/\/www.ernstbrunn-apotheke.at\/katalog\/wp-json\/wp\/v2\/media\/89704"}],"wp:attachment":[{"href":"https:\/\/www.ernstbrunn-apotheke.at\/katalog\/wp-json\/wp\/v2\/media?parent=89702"}],"wp:term":[{"taxonomy":"product_brand","embeddable":true,"href":"https:\/\/www.ernstbrunn-apotheke.at\/katalog\/wp-json\/wp\/v2\/product_brand?post=89702"},{"taxonomy":"product_cat","embeddable":true,"href":"https:\/\/www.ernstbrunn-apotheke.at\/katalog\/wp-json\/wp\/v2\/product_cat?post=89702"},{"taxonomy":"product_tag","embeddable":true,"href":"https:\/\/www.ernstbrunn-apotheke.at\/katalog\/wp-json\/wp\/v2\/product_tag?post=89702"}],"curies":[{"name":"wp","href":"https:\/\/api.w.org\/{rel}","templated":true}]}}