{"id":89687,"date":"2025-11-12T07:15:37","date_gmt":"2025-11-12T06:15:37","guid":{"rendered":"https:\/\/www.ernstbrunn-apotheke.at\/katalog\/produkt\/neriderm-fettsalbe-tube\/"},"modified":"2025-12-08T20:17:55","modified_gmt":"2025-12-08T19:17:55","slug":"neriderm-fettsalbe-tube","status":"publish","type":"product","link":"https:\/\/www.ernstbrunn-apotheke.at\/katalog\/produkt\/neriderm-fettsalbe-tube\/","title":{"rendered":"Neriderm Fettsalbe Tube"},"content":{"rendered":"<p>Neriderm Fettsalbe Tube ist frei von Wasser. Sie bildet eine angenehme Schutzschicht, welche die Haut pflegt und gleichzeitig von negativen Umwelteinfl\u00fcssen sch\u00fctzt. Die Fettsalbe ist speziell f\u00fcr sehr trockene und rissige Haut geeignet. Die entstehende Schutzschicht verbessert die Regeneration der Haut und bietet gleichzeitig Schutz vor neuen Irritationen.<\/p>\n","protected":false},"excerpt":{"rendered":"<p>Neriderm Fettsalbe Tube ist frei von Wasser. Sie bildet eine angenehme Schutzschicht, welche die Haut pflegt und gleichzeitig von negativen Umwelteinfl\u00fcssen sch\u00fctzt. Die Fettsalbe ist speziell f\u00fcr sehr trockene und rissige Haut geeignet. Die entstehende Schutzschicht verbessert die Regeneration der Haut und bietet gleichzeitig Schutz vor neuen Irritationen.<\/p>\n","protected":false},"featured_media":89689,"template":"","meta":{"_acf_changed":false},"product_brand":[],"product_cat":[797],"product_tag":[],"class_list":{"0":"post-89687","1":"product","2":"type-product","3":"status-publish","4":"has-post-thumbnail","6":"product_cat-n","7":"pa_packungsgroesse-30g","9":"first","10":"instock","11":"shipping-taxable","12":"purchasable","13":"product-type-simple"},"acf":[],"_links":{"self":[{"href":"https:\/\/www.ernstbrunn-apotheke.at\/katalog\/wp-json\/wp\/v2\/product\/89687","targetHints":{"allow":["GET"]}}],"collection":[{"href":"https:\/\/www.ernstbrunn-apotheke.at\/katalog\/wp-json\/wp\/v2\/product"}],"about":[{"href":"https:\/\/www.ernstbrunn-apotheke.at\/katalog\/wp-json\/wp\/v2\/types\/product"}],"wp:featuredmedia":[{"embeddable":true,"href":"https:\/\/www.ernstbrunn-apotheke.at\/katalog\/wp-json\/wp\/v2\/media\/89689"}],"wp:attachment":[{"href":"https:\/\/www.ernstbrunn-apotheke.at\/katalog\/wp-json\/wp\/v2\/media?parent=89687"}],"wp:term":[{"taxonomy":"product_brand","embeddable":true,"href":"https:\/\/www.ernstbrunn-apotheke.at\/katalog\/wp-json\/wp\/v2\/product_brand?post=89687"},{"taxonomy":"product_cat","embeddable":true,"href":"https:\/\/www.ernstbrunn-apotheke.at\/katalog\/wp-json\/wp\/v2\/product_cat?post=89687"},{"taxonomy":"product_tag","embeddable":true,"href":"https:\/\/www.ernstbrunn-apotheke.at\/katalog\/wp-json\/wp\/v2\/product_tag?post=89687"}],"curies":[{"name":"wp","href":"https:\/\/api.w.org\/{rel}","templated":true}]}}