{"id":89633,"date":"2025-11-12T07:15:00","date_gmt":"2025-11-12T06:15:00","guid":{"rendered":"https:\/\/www.ernstbrunn-apotheke.at\/katalog\/produkt\/helfe-eichenrindenextrakt\/"},"modified":"2025-12-08T20:17:44","modified_gmt":"2025-12-08T19:17:44","slug":"helfe-eichenrindenextrakt","status":"publish","type":"product","link":"https:\/\/www.ernstbrunn-apotheke.at\/katalog\/produkt\/helfe-eichenrindenextrakt\/","title":{"rendered":"Helfe Eichenrindenextrakt"},"content":{"rendered":"<p>Durch die zusammenziehende Wirkung der Gerbstoffe auf die Haut, hat der HELFE Eichenrindenextrakt verschiedenste Anwendungsm\u00f6glichkeiten. Unter anderem unterst\u00fctzend bei Schwellungen im Analbereich oder als Sitzbad im Windelbereich bei Kleinkindern und Erwachsenen. Als Fu\u00dfbad, gegen \u00fcberm\u00e4\u00dfige Schwei\u00dfproduktion.<\/p>\n<p>&#13;<\/p>\n<p><strong>Wirkung:<\/strong><\/p>\n<p>&#13;<\/p>\n<ul>&#13;<\/p>\n<li>Adstringierend<\/li>\n<p>&#13;<\/p>\n<li>Hautfestigend<\/li>\n<p>&#13;<\/p>\n<li>Juckreizstillend<\/li>\n<p>&#13;\n<\/ul>\n","protected":false},"excerpt":{"rendered":"<p>Durch die zusammenziehende Wirkung der Gerbstoffe auf die Haut, hat der HELFE Eichenrindenextrakt verschiedenste Anwendungsm\u00f6glichkeiten. Unter anderem unterst\u00fctzend bei Schwellungen im Analbereich oder als Sitzbad im Windelbereich bei Kleinkindern und Erwachsenen. Als Fu\u00dfbad, gegen \u00fcberm\u00e4\u00dfige Schwei\u00dfproduktion. &#13; Wirkung: &#13; &#13; Adstringierend &#13; Hautfestigend &#13; Juckreizstillend &#13;<\/p>\n","protected":false},"featured_media":89635,"template":"","meta":{"_acf_changed":false},"product_brand":[655],"product_cat":[805],"product_tag":[],"class_list":{"0":"post-89633","1":"product","2":"type-product","3":"status-publish","4":"has-post-thumbnail","6":"product_brand-helfe","7":"product_cat-h","8":"pa_packungsgroesse-200ml","10":"first","11":"instock","12":"shipping-taxable","13":"purchasable","14":"product-type-simple"},"acf":[],"_links":{"self":[{"href":"https:\/\/www.ernstbrunn-apotheke.at\/katalog\/wp-json\/wp\/v2\/product\/89633","targetHints":{"allow":["GET"]}}],"collection":[{"href":"https:\/\/www.ernstbrunn-apotheke.at\/katalog\/wp-json\/wp\/v2\/product"}],"about":[{"href":"https:\/\/www.ernstbrunn-apotheke.at\/katalog\/wp-json\/wp\/v2\/types\/product"}],"wp:featuredmedia":[{"embeddable":true,"href":"https:\/\/www.ernstbrunn-apotheke.at\/katalog\/wp-json\/wp\/v2\/media\/89635"}],"wp:attachment":[{"href":"https:\/\/www.ernstbrunn-apotheke.at\/katalog\/wp-json\/wp\/v2\/media?parent=89633"}],"wp:term":[{"taxonomy":"product_brand","embeddable":true,"href":"https:\/\/www.ernstbrunn-apotheke.at\/katalog\/wp-json\/wp\/v2\/product_brand?post=89633"},{"taxonomy":"product_cat","embeddable":true,"href":"https:\/\/www.ernstbrunn-apotheke.at\/katalog\/wp-json\/wp\/v2\/product_cat?post=89633"},{"taxonomy":"product_tag","embeddable":true,"href":"https:\/\/www.ernstbrunn-apotheke.at\/katalog\/wp-json\/wp\/v2\/product_tag?post=89633"}],"curies":[{"name":"wp","href":"https:\/\/api.w.org\/{rel}","templated":true}]}}