{"id":89618,"date":"2025-11-12T07:14:16","date_gmt":"2025-11-12T06:14:16","guid":{"rendered":"https:\/\/www.ernstbrunn-apotheke.at\/katalog\/produkt\/inotyol-salbe-2\/"},"modified":"2025-12-08T20:17:42","modified_gmt":"2025-12-08T19:17:42","slug":"inotyol-salbe-2","status":"publish","type":"product","link":"https:\/\/www.ernstbrunn-apotheke.at\/katalog\/produkt\/inotyol-salbe-2\/","title":{"rendered":"Inotyol\u00ae Salbe"},"content":{"rendered":"<p>Inotyol Salbe enth\u00e4lt entz\u00fcndungshemmende und heilungsf\u00f6rdernde Wirkstoffe. Sie behebt R\u00f6tungen, beruhigt Brennen und Wundschmerz und lindert Juckreiz.<\/p>\n","protected":false},"excerpt":{"rendered":"<p>Inotyol Salbe enth\u00e4lt entz\u00fcndungshemmende und heilungsf\u00f6rdernde Wirkstoffe. Sie behebt R\u00f6tungen, beruhigt Brennen und Wundschmerz und lindert Juckreiz.<\/p>\n","protected":false},"featured_media":89620,"template":"","meta":{"_acf_changed":false},"product_brand":[],"product_cat":[823],"product_tag":[],"class_list":{"0":"post-89618","1":"product","2":"type-product","3":"status-publish","4":"has-post-thumbnail","6":"product_cat-i","7":"pa_packungsgroesse-25g","9":"first","10":"instock","11":"shipping-taxable","12":"purchasable","13":"product-type-simple"},"acf":[],"_links":{"self":[{"href":"https:\/\/www.ernstbrunn-apotheke.at\/katalog\/wp-json\/wp\/v2\/product\/89618","targetHints":{"allow":["GET"]}}],"collection":[{"href":"https:\/\/www.ernstbrunn-apotheke.at\/katalog\/wp-json\/wp\/v2\/product"}],"about":[{"href":"https:\/\/www.ernstbrunn-apotheke.at\/katalog\/wp-json\/wp\/v2\/types\/product"}],"wp:featuredmedia":[{"embeddable":true,"href":"https:\/\/www.ernstbrunn-apotheke.at\/katalog\/wp-json\/wp\/v2\/media\/89620"}],"wp:attachment":[{"href":"https:\/\/www.ernstbrunn-apotheke.at\/katalog\/wp-json\/wp\/v2\/media?parent=89618"}],"wp:term":[{"taxonomy":"product_brand","embeddable":true,"href":"https:\/\/www.ernstbrunn-apotheke.at\/katalog\/wp-json\/wp\/v2\/product_brand?post=89618"},{"taxonomy":"product_cat","embeddable":true,"href":"https:\/\/www.ernstbrunn-apotheke.at\/katalog\/wp-json\/wp\/v2\/product_cat?post=89618"},{"taxonomy":"product_tag","embeddable":true,"href":"https:\/\/www.ernstbrunn-apotheke.at\/katalog\/wp-json\/wp\/v2\/product_tag?post=89618"}],"curies":[{"name":"wp","href":"https:\/\/api.w.org\/{rel}","templated":true}]}}