{"id":89610,"date":"2025-11-12T07:14:16","date_gmt":"2025-11-12T06:14:16","guid":{"rendered":"https:\/\/www.ernstbrunn-apotheke.at\/katalog\/produkt\/betaisodona-loesung-standardisiert\/"},"modified":"2025-12-08T20:17:40","modified_gmt":"2025-12-08T19:17:40","slug":"betaisodona-loesung-standardisiert","status":"publish","type":"product","link":"https:\/\/www.ernstbrunn-apotheke.at\/katalog\/produkt\/betaisodona-loesung-standardisiert\/","title":{"rendered":"Betaisodona L\u00f6sung standardisiert"},"content":{"rendered":"<p>Betaisodona ist gegen viele Erregerarten wirksam, darunter Bakterien, Pilze und Viren. Eine zuverl\u00e4ssige Desinfektion verhindert weitgehend Infektionen und beg\u00fcnstigt eine rasche, problemlose Heilung. Betaisodona ist wasserl\u00f6slich und gut abwaschbar.<\/p>\n","protected":false},"excerpt":{"rendered":"<p>Betaisodona ist gegen viele Erregerarten wirksam, darunter Bakterien, Pilze und Viren. Eine zuverl\u00e4ssige Desinfektion verhindert weitgehend Infektionen und beg\u00fcnstigt eine rasche, problemlose Heilung. Betaisodona ist wasserl\u00f6slich und gut abwaschbar.<\/p>\n","protected":false},"featured_media":89612,"template":"","meta":{"_acf_changed":false},"product_brand":[],"product_cat":[802],"product_tag":[],"class_list":{"0":"post-89610","1":"product","2":"type-product","3":"status-publish","4":"has-post-thumbnail","6":"product_cat-b","7":"pa_packungsgroesse-1000ml","8":"pa_packungsgroesse-100ml","9":"pa_packungsgroesse-15ml","10":"pa_packungsgroesse-500ml","12":"first","13":"instock","14":"shipping-taxable","15":"purchasable","16":"product-type-simple"},"acf":[],"_links":{"self":[{"href":"https:\/\/www.ernstbrunn-apotheke.at\/katalog\/wp-json\/wp\/v2\/product\/89610","targetHints":{"allow":["GET"]}}],"collection":[{"href":"https:\/\/www.ernstbrunn-apotheke.at\/katalog\/wp-json\/wp\/v2\/product"}],"about":[{"href":"https:\/\/www.ernstbrunn-apotheke.at\/katalog\/wp-json\/wp\/v2\/types\/product"}],"wp:featuredmedia":[{"embeddable":true,"href":"https:\/\/www.ernstbrunn-apotheke.at\/katalog\/wp-json\/wp\/v2\/media\/89612"}],"wp:attachment":[{"href":"https:\/\/www.ernstbrunn-apotheke.at\/katalog\/wp-json\/wp\/v2\/media?parent=89610"}],"wp:term":[{"taxonomy":"product_brand","embeddable":true,"href":"https:\/\/www.ernstbrunn-apotheke.at\/katalog\/wp-json\/wp\/v2\/product_brand?post=89610"},{"taxonomy":"product_cat","embeddable":true,"href":"https:\/\/www.ernstbrunn-apotheke.at\/katalog\/wp-json\/wp\/v2\/product_cat?post=89610"},{"taxonomy":"product_tag","embeddable":true,"href":"https:\/\/www.ernstbrunn-apotheke.at\/katalog\/wp-json\/wp\/v2\/product_tag?post=89610"}],"curies":[{"name":"wp","href":"https:\/\/api.w.org\/{rel}","templated":true}]}}