{"id":89600,"date":"2025-11-12T07:14:16","date_gmt":"2025-11-12T06:14:16","guid":{"rendered":"https:\/\/www.ernstbrunn-apotheke.at\/katalog\/produkt\/bepanthen-creme\/"},"modified":"2025-12-08T20:17:39","modified_gmt":"2025-12-08T19:17:39","slug":"bepanthen-creme","status":"publish","type":"product","link":"https:\/\/www.ernstbrunn-apotheke.at\/katalog\/produkt\/bepanthen-creme\/","title":{"rendered":"Bepanthen\u00ae Creme"},"content":{"rendered":"<p>Bepanthen Creme f\u00f6rdert die Heilung von Haut und Schleimh\u00e4uten bei leichten Verletzungen (einschlie\u00dflich leichter Verbrennungen und Sch\u00fcrfwunden) und Hautirritationen (z.B. als Folge von Sonnenbrand) und wird zur Vorbeugung und Behandlung von trockener, rissiger oder spr\u00f6der Haut verwendet.<\/p>\n","protected":false},"excerpt":{"rendered":"<p>Bepanthen Creme f\u00f6rdert die Heilung von Haut und Schleimh\u00e4uten bei leichten Verletzungen (einschlie\u00dflich leichter Verbrennungen und Sch\u00fcrfwunden) und Hautirritationen (z.B. als Folge von Sonnenbrand) und wird zur Vorbeugung und Behandlung von trockener, rissiger oder spr\u00f6der Haut verwendet.<\/p>\n","protected":false},"featured_media":89602,"template":"","meta":{"_acf_changed":false},"product_brand":[489],"product_cat":[802],"product_tag":[],"class_list":{"0":"post-89600","1":"product","2":"type-product","3":"status-publish","4":"has-post-thumbnail","6":"product_brand-bepanthen","7":"product_cat-b","8":"pa_packungsgroesse-30g","10":"first","11":"instock","12":"shipping-taxable","13":"purchasable","14":"product-type-simple"},"acf":[],"_links":{"self":[{"href":"https:\/\/www.ernstbrunn-apotheke.at\/katalog\/wp-json\/wp\/v2\/product\/89600","targetHints":{"allow":["GET"]}}],"collection":[{"href":"https:\/\/www.ernstbrunn-apotheke.at\/katalog\/wp-json\/wp\/v2\/product"}],"about":[{"href":"https:\/\/www.ernstbrunn-apotheke.at\/katalog\/wp-json\/wp\/v2\/types\/product"}],"wp:featuredmedia":[{"embeddable":true,"href":"https:\/\/www.ernstbrunn-apotheke.at\/katalog\/wp-json\/wp\/v2\/media\/89602"}],"wp:attachment":[{"href":"https:\/\/www.ernstbrunn-apotheke.at\/katalog\/wp-json\/wp\/v2\/media?parent=89600"}],"wp:term":[{"taxonomy":"product_brand","embeddable":true,"href":"https:\/\/www.ernstbrunn-apotheke.at\/katalog\/wp-json\/wp\/v2\/product_brand?post=89600"},{"taxonomy":"product_cat","embeddable":true,"href":"https:\/\/www.ernstbrunn-apotheke.at\/katalog\/wp-json\/wp\/v2\/product_cat?post=89600"},{"taxonomy":"product_tag","embeddable":true,"href":"https:\/\/www.ernstbrunn-apotheke.at\/katalog\/wp-json\/wp\/v2\/product_tag?post=89600"}],"curies":[{"name":"wp","href":"https:\/\/api.w.org\/{rel}","templated":true}]}}