{"id":89556,"date":"2025-11-12T07:13:37","date_gmt":"2025-11-12T06:13:37","guid":{"rendered":"https:\/\/www.ernstbrunn-apotheke.at\/katalog\/produkt\/otrivin-01-nasengel\/"},"modified":"2025-12-08T20:17:29","modified_gmt":"2025-12-08T19:17:29","slug":"otrivin-01-nasengel","status":"publish","type":"product","link":"https:\/\/www.ernstbrunn-apotheke.at\/katalog\/produkt\/otrivin-01-nasengel\/","title":{"rendered":"Otrivin 0,1% Nasengel"},"content":{"rendered":"<p>Bei Erk\u00e4ltungen oder Heuschnupfen sind die Nasenschleimh\u00e4ute meist stark gereizt. Eine verschnupfte und verstopfte Nase macht das Atmen fast unm\u00f6glich und wird als sehr unangenehm empfunden. Otrivin Nasengel 0,1% l\u00e4sst Sie innerhalb von kurzer Zeit wieder frei durchatmen.<\/p>\n","protected":false},"excerpt":{"rendered":"<p>Bei Erk\u00e4ltungen oder Heuschnupfen sind die Nasenschleimh\u00e4ute meist stark gereizt. Eine verschnupfte und verstopfte Nase macht das Atmen fast unm\u00f6glich und wird als sehr unangenehm empfunden. Otrivin Nasengel 0,1% l\u00e4sst Sie innerhalb von kurzer Zeit wieder frei durchatmen.<\/p>\n","protected":false},"featured_media":89558,"template":"","meta":{"_acf_changed":false},"product_brand":[609],"product_cat":[819],"product_tag":[],"class_list":{"0":"post-89556","1":"product","2":"type-product","3":"status-publish","4":"has-post-thumbnail","6":"product_brand-otrivin","7":"product_cat-o","8":"pa_packungsgroesse-10g","10":"first","11":"instock","12":"shipping-taxable","13":"purchasable","14":"product-type-simple"},"acf":[],"_links":{"self":[{"href":"https:\/\/www.ernstbrunn-apotheke.at\/katalog\/wp-json\/wp\/v2\/product\/89556","targetHints":{"allow":["GET"]}}],"collection":[{"href":"https:\/\/www.ernstbrunn-apotheke.at\/katalog\/wp-json\/wp\/v2\/product"}],"about":[{"href":"https:\/\/www.ernstbrunn-apotheke.at\/katalog\/wp-json\/wp\/v2\/types\/product"}],"wp:featuredmedia":[{"embeddable":true,"href":"https:\/\/www.ernstbrunn-apotheke.at\/katalog\/wp-json\/wp\/v2\/media\/89558"}],"wp:attachment":[{"href":"https:\/\/www.ernstbrunn-apotheke.at\/katalog\/wp-json\/wp\/v2\/media?parent=89556"}],"wp:term":[{"taxonomy":"product_brand","embeddable":true,"href":"https:\/\/www.ernstbrunn-apotheke.at\/katalog\/wp-json\/wp\/v2\/product_brand?post=89556"},{"taxonomy":"product_cat","embeddable":true,"href":"https:\/\/www.ernstbrunn-apotheke.at\/katalog\/wp-json\/wp\/v2\/product_cat?post=89556"},{"taxonomy":"product_tag","embeddable":true,"href":"https:\/\/www.ernstbrunn-apotheke.at\/katalog\/wp-json\/wp\/v2\/product_tag?post=89556"}],"curies":[{"name":"wp","href":"https:\/\/api.w.org\/{rel}","templated":true}]}}