{"id":89532,"date":"2025-11-12T07:13:03","date_gmt":"2025-11-12T06:13:03","guid":{"rendered":"https:\/\/www.ernstbrunn-apotheke.at\/katalog\/produkt\/sinupret-tropfen\/"},"modified":"2025-12-08T20:17:24","modified_gmt":"2025-12-08T19:17:24","slug":"sinupret-tropfen","status":"publish","type":"product","link":"https:\/\/www.ernstbrunn-apotheke.at\/katalog\/produkt\/sinupret-tropfen\/","title":{"rendered":"Sinupret Tropfen"},"content":{"rendered":"<p>Sinupret Tropfen wirken mit seiner einzigartigen Kombination aus den f\u00fcnf Heilpflanzen Schl\u00fcsselblume, Enzian, Sauerampfer, Holunder und Eisenkraut verl\u00e4sslich gegen Schnupfen sowie gegen akute und chronische Entz\u00fcndungen der Nasennebenh\u00f6hlen. Der festsitzende Schleim wird rasch abtransportiert, die entz\u00fcndete Schleimhaut schwillt ab und man kann wieder freier durchatmen.<\/p>\n","protected":false},"excerpt":{"rendered":"<p>Sinupret Tropfen wirken mit seiner einzigartigen Kombination aus den f\u00fcnf Heilpflanzen Schl\u00fcsselblume, Enzian, Sauerampfer, Holunder und Eisenkraut verl\u00e4sslich gegen Schnupfen sowie gegen akute und chronische Entz\u00fcndungen der Nasennebenh\u00f6hlen. Der festsitzende Schleim wird rasch abtransportiert, die entz\u00fcndete Schleimhaut schwillt ab und man kann wieder freier durchatmen.<\/p>\n","protected":false},"featured_media":89534,"template":"","meta":{"_acf_changed":false},"product_brand":[],"product_cat":[791],"product_tag":[],"class_list":{"0":"post-89532","1":"product","2":"type-product","3":"status-publish","4":"has-post-thumbnail","6":"product_cat-s","7":"pa_farbe-hellbraun","8":"pa_packungsgroesse-100ml","10":"first","11":"instock","12":"shipping-taxable","13":"purchasable","14":"product-type-simple"},"acf":[],"_links":{"self":[{"href":"https:\/\/www.ernstbrunn-apotheke.at\/katalog\/wp-json\/wp\/v2\/product\/89532","targetHints":{"allow":["GET"]}}],"collection":[{"href":"https:\/\/www.ernstbrunn-apotheke.at\/katalog\/wp-json\/wp\/v2\/product"}],"about":[{"href":"https:\/\/www.ernstbrunn-apotheke.at\/katalog\/wp-json\/wp\/v2\/types\/product"}],"wp:featuredmedia":[{"embeddable":true,"href":"https:\/\/www.ernstbrunn-apotheke.at\/katalog\/wp-json\/wp\/v2\/media\/89534"}],"wp:attachment":[{"href":"https:\/\/www.ernstbrunn-apotheke.at\/katalog\/wp-json\/wp\/v2\/media?parent=89532"}],"wp:term":[{"taxonomy":"product_brand","embeddable":true,"href":"https:\/\/www.ernstbrunn-apotheke.at\/katalog\/wp-json\/wp\/v2\/product_brand?post=89532"},{"taxonomy":"product_cat","embeddable":true,"href":"https:\/\/www.ernstbrunn-apotheke.at\/katalog\/wp-json\/wp\/v2\/product_cat?post=89532"},{"taxonomy":"product_tag","embeddable":true,"href":"https:\/\/www.ernstbrunn-apotheke.at\/katalog\/wp-json\/wp\/v2\/product_tag?post=89532"}],"curies":[{"name":"wp","href":"https:\/\/api.w.org\/{rel}","templated":true}]}}