{"id":89454,"date":"2025-11-12T07:11:04","date_gmt":"2025-11-12T06:11:04","guid":{"rendered":"https:\/\/www.ernstbrunn-apotheke.at\/katalog\/produkt\/kinder-luuf-balsam\/"},"modified":"2025-12-08T20:17:06","modified_gmt":"2025-12-08T19:17:06","slug":"kinder-luuf-balsam","status":"publish","type":"product","link":"https:\/\/www.ernstbrunn-apotheke.at\/katalog\/produkt\/kinder-luuf-balsam\/","title":{"rendered":"Kinder &#8211; Luuf Balsam"},"content":{"rendered":"<p>Kinder LUUF Balsam ist ideal f\u00fcr Kinder ab dem vollendeten 2 Lebensjahr. Bew\u00e4hrte naturreine \u00e4therische \u00d6le wie Eukalyptus\u00f6l plus Kampfer und Menthol sind genau auf das Kindesalter abgestimmt. Kinder LUUF Balsam wirkt krampfl\u00f6send und keimhemmend. Der festsitzende Schleim wird verfl\u00fcssigt und kann besser abgehustet werden. Insgesamt wird die Atmung erleichtert und der Hustenreiz gelindert.<\/p>\n","protected":false},"excerpt":{"rendered":"<p>Kinder LUUF Balsam ist ideal f\u00fcr Kinder ab dem vollendeten 2 Lebensjahr. Bew\u00e4hrte naturreine \u00e4therische \u00d6le wie Eukalyptus\u00f6l plus Kampfer und Menthol sind genau auf das Kindesalter abgestimmt. Kinder LUUF Balsam wirkt krampfl\u00f6send und keimhemmend. Der festsitzende Schleim wird verfl\u00fcssigt und kann besser abgehustet werden. Insgesamt wird die Atmung erleichtert und der Hustenreiz gelindert.<\/p>\n","protected":false},"featured_media":89456,"template":"","meta":{"_acf_changed":false},"product_brand":[566],"product_cat":[807],"product_tag":[],"class_list":{"0":"post-89454","1":"product","2":"type-product","3":"status-publish","4":"has-post-thumbnail","6":"product_brand-luuf","7":"product_cat-k","8":"pa_packungsgroesse-30g","10":"first","11":"instock","12":"shipping-taxable","13":"purchasable","14":"product-type-simple"},"acf":[],"_links":{"self":[{"href":"https:\/\/www.ernstbrunn-apotheke.at\/katalog\/wp-json\/wp\/v2\/product\/89454","targetHints":{"allow":["GET"]}}],"collection":[{"href":"https:\/\/www.ernstbrunn-apotheke.at\/katalog\/wp-json\/wp\/v2\/product"}],"about":[{"href":"https:\/\/www.ernstbrunn-apotheke.at\/katalog\/wp-json\/wp\/v2\/types\/product"}],"wp:featuredmedia":[{"embeddable":true,"href":"https:\/\/www.ernstbrunn-apotheke.at\/katalog\/wp-json\/wp\/v2\/media\/89456"}],"wp:attachment":[{"href":"https:\/\/www.ernstbrunn-apotheke.at\/katalog\/wp-json\/wp\/v2\/media?parent=89454"}],"wp:term":[{"taxonomy":"product_brand","embeddable":true,"href":"https:\/\/www.ernstbrunn-apotheke.at\/katalog\/wp-json\/wp\/v2\/product_brand?post=89454"},{"taxonomy":"product_cat","embeddable":true,"href":"https:\/\/www.ernstbrunn-apotheke.at\/katalog\/wp-json\/wp\/v2\/product_cat?post=89454"},{"taxonomy":"product_tag","embeddable":true,"href":"https:\/\/www.ernstbrunn-apotheke.at\/katalog\/wp-json\/wp\/v2\/product_tag?post=89454"}],"curies":[{"name":"wp","href":"https:\/\/api.w.org\/{rel}","templated":true}]}}