{"id":89424,"date":"2025-11-12T07:10:34","date_gmt":"2025-11-12T06:10:34","guid":{"rendered":"https:\/\/www.ernstbrunn-apotheke.at\/katalog\/produkt\/tonsillol-gurgelloesung\/"},"modified":"2025-12-08T20:16:58","modified_gmt":"2025-12-08T19:16:58","slug":"tonsillol-gurgelloesung","status":"publish","type":"product","link":"https:\/\/www.ernstbrunn-apotheke.at\/katalog\/produkt\/tonsillol-gurgelloesung\/","title":{"rendered":"Tonsillol-Gurgell\u00f6sung"},"content":{"rendered":"<p>Tonsillol-Gurgell\u00f6sung wird angewendet bei durch Dequaliniumchlorid-empfindliche Erreger verursachten infekti\u00f6sen Erkrankungen des Mund- und Rachenraumes wie Zahnfleischentz\u00fcndung, Entz\u00fcndungen der Mundschleimhaut, Mandelentz\u00fcndung, Kehlkopfentz\u00fcndung, Rachenentz\u00fcndung, bei eitriger Angina als Zusatzmedikament sowie bei Mundsoor (Pilzbefall) \u2013<\/p>\n","protected":false},"excerpt":{"rendered":"<p>Tonsillol-Gurgell\u00f6sung wird angewendet bei durch Dequaliniumchlorid-empfindliche Erreger verursachten infekti\u00f6sen Erkrankungen des Mund- und Rachenraumes wie Zahnfleischentz\u00fcndung, Entz\u00fcndungen der Mundschleimhaut, Mandelentz\u00fcndung, Kehlkopfentz\u00fcndung, Rachenentz\u00fcndung, bei eitriger Angina als Zusatzmedikament sowie bei Mundsoor (Pilzbefall) \u2013<\/p>\n","protected":false},"featured_media":89426,"template":"","meta":{"_acf_changed":false},"product_brand":[],"product_cat":[798],"product_tag":[],"class_list":{"0":"post-89424","1":"product","2":"type-product","3":"status-publish","4":"has-post-thumbnail","6":"product_cat-t","7":"pa_packungsgroesse-60ml","9":"first","10":"instock","11":"shipping-taxable","12":"purchasable","13":"product-type-simple"},"acf":[],"_links":{"self":[{"href":"https:\/\/www.ernstbrunn-apotheke.at\/katalog\/wp-json\/wp\/v2\/product\/89424","targetHints":{"allow":["GET"]}}],"collection":[{"href":"https:\/\/www.ernstbrunn-apotheke.at\/katalog\/wp-json\/wp\/v2\/product"}],"about":[{"href":"https:\/\/www.ernstbrunn-apotheke.at\/katalog\/wp-json\/wp\/v2\/types\/product"}],"wp:featuredmedia":[{"embeddable":true,"href":"https:\/\/www.ernstbrunn-apotheke.at\/katalog\/wp-json\/wp\/v2\/media\/89426"}],"wp:attachment":[{"href":"https:\/\/www.ernstbrunn-apotheke.at\/katalog\/wp-json\/wp\/v2\/media?parent=89424"}],"wp:term":[{"taxonomy":"product_brand","embeddable":true,"href":"https:\/\/www.ernstbrunn-apotheke.at\/katalog\/wp-json\/wp\/v2\/product_brand?post=89424"},{"taxonomy":"product_cat","embeddable":true,"href":"https:\/\/www.ernstbrunn-apotheke.at\/katalog\/wp-json\/wp\/v2\/product_cat?post=89424"},{"taxonomy":"product_tag","embeddable":true,"href":"https:\/\/www.ernstbrunn-apotheke.at\/katalog\/wp-json\/wp\/v2\/product_tag?post=89424"}],"curies":[{"name":"wp","href":"https:\/\/api.w.org\/{rel}","templated":true}]}}