{"id":89345,"date":"2025-11-12T07:09:14","date_gmt":"2025-11-12T06:09:14","guid":{"rendered":"https:\/\/www.ernstbrunn-apotheke.at\/katalog\/produkt\/hirudoid-salbe\/"},"modified":"2025-12-08T20:16:31","modified_gmt":"2025-12-08T19:16:31","slug":"hirudoid-salbe","status":"publish","type":"product","link":"https:\/\/www.ernstbrunn-apotheke.at\/katalog\/produkt\/hirudoid-salbe\/","title":{"rendered":"Hirudoid\u00ae Salbe"},"content":{"rendered":"<p>Mucopolysaccharidpolyschwefels\u00e4ureester, der Wirkstoff von Hirudoid, hat einen entz\u00fcndungshemmenden Effekt. Es verhindert die Entstehung und f\u00f6rdert die R\u00fcckbildung von oberfl\u00e4chennahen Blutgerinnseln, Bluterg\u00fcssen und Schwellungen und f\u00f6rdert die Regeneration des Bindegewebes. Hirudoid Salbe wird angewendet zur lokalen Behandlung von stumpfen Verletzungen mit oder ohne Bluterguss sowie Entz\u00fcndungen oberfl\u00e4chennaher Venen, sofern diese nicht durch Kompression behandelt werden k\u00f6nnen.<\/p>\n","protected":false},"excerpt":{"rendered":"<p>Mucopolysaccharidpolyschwefels\u00e4ureester, der Wirkstoff von Hirudoid, hat einen entz\u00fcndungshemmenden Effekt. Es verhindert die Entstehung und f\u00f6rdert die R\u00fcckbildung von oberfl\u00e4chennahen Blutgerinnseln, Bluterg\u00fcssen und Schwellungen und f\u00f6rdert die Regeneration des Bindegewebes. Hirudoid Salbe wird angewendet zur lokalen Behandlung von stumpfen Verletzungen mit oder ohne Bluterguss sowie Entz\u00fcndungen oberfl\u00e4chennaher Venen, sofern diese nicht durch Kompression behandelt werden k\u00f6nnen.<\/p>\n","protected":false},"featured_media":89347,"template":"","meta":{"_acf_changed":false},"product_brand":[],"product_cat":[805],"product_tag":[],"class_list":{"0":"post-89345","1":"product","2":"type-product","3":"status-publish","4":"has-post-thumbnail","6":"product_cat-h","7":"pa_packungsgroesse-40g","9":"first","10":"instock","11":"shipping-taxable","12":"purchasable","13":"product-type-simple"},"acf":[],"_links":{"self":[{"href":"https:\/\/www.ernstbrunn-apotheke.at\/katalog\/wp-json\/wp\/v2\/product\/89345","targetHints":{"allow":["GET"]}}],"collection":[{"href":"https:\/\/www.ernstbrunn-apotheke.at\/katalog\/wp-json\/wp\/v2\/product"}],"about":[{"href":"https:\/\/www.ernstbrunn-apotheke.at\/katalog\/wp-json\/wp\/v2\/types\/product"}],"wp:featuredmedia":[{"embeddable":true,"href":"https:\/\/www.ernstbrunn-apotheke.at\/katalog\/wp-json\/wp\/v2\/media\/89347"}],"wp:attachment":[{"href":"https:\/\/www.ernstbrunn-apotheke.at\/katalog\/wp-json\/wp\/v2\/media?parent=89345"}],"wp:term":[{"taxonomy":"product_brand","embeddable":true,"href":"https:\/\/www.ernstbrunn-apotheke.at\/katalog\/wp-json\/wp\/v2\/product_brand?post=89345"},{"taxonomy":"product_cat","embeddable":true,"href":"https:\/\/www.ernstbrunn-apotheke.at\/katalog\/wp-json\/wp\/v2\/product_cat?post=89345"},{"taxonomy":"product_tag","embeddable":true,"href":"https:\/\/www.ernstbrunn-apotheke.at\/katalog\/wp-json\/wp\/v2\/product_tag?post=89345"}],"curies":[{"name":"wp","href":"https:\/\/api.w.org\/{rel}","templated":true}]}}