{"id":89308,"date":"2025-11-12T07:08:17","date_gmt":"2025-11-12T06:08:17","guid":{"rendered":"https:\/\/www.ernstbrunn-apotheke.at\/katalog\/produkt\/dr-metz-panaktiv-fluessig-bierhefe\/"},"modified":"2025-12-08T20:16:23","modified_gmt":"2025-12-08T19:16:23","slug":"dr-metz-panaktiv-fluessig-bierhefe","status":"publish","type":"product","link":"https:\/\/www.ernstbrunn-apotheke.at\/katalog\/produkt\/dr-metz-panaktiv-fluessig-bierhefe\/","title":{"rendered":"Dr. Metz Panaktiv fl\u00fcssig Bierhefe"},"content":{"rendered":"<p>Dr. Metz Panaktiv fl\u00fcssig Bierhefe sorgt f\u00fcr einen aktiven Stoffwechsel und unterst\u00fctzt die Abwehrkr\u00e4fte und den Zellschutz. Die Bierhefe f\u00f6rdert zudem die Konzentrations- und Leistungsf\u00e4higkeit. F\u00fcr sch\u00f6ne Haut, Haare und N\u00e4gel.<\/p>\n","protected":false},"excerpt":{"rendered":"<p>Dr. Metz Panaktiv fl\u00fcssig Bierhefe sorgt f\u00fcr einen aktiven Stoffwechsel und unterst\u00fctzt die Abwehrkr\u00e4fte und den Zellschutz. Die Bierhefe f\u00f6rdert zudem die Konzentrations- und Leistungsf\u00e4higkeit. F\u00fcr sch\u00f6ne Haut, Haare und N\u00e4gel.<\/p>\n","protected":false},"featured_media":89310,"template":"","meta":{"_acf_changed":false},"product_brand":[],"product_cat":[792],"product_tag":[],"class_list":{"0":"post-89308","1":"product","2":"type-product","3":"status-publish","4":"has-post-thumbnail","6":"product_cat-d","7":"pa_packungsgroesse-500ml","9":"first","10":"instock","11":"shipping-taxable","12":"purchasable","13":"product-type-simple"},"acf":[],"_links":{"self":[{"href":"https:\/\/www.ernstbrunn-apotheke.at\/katalog\/wp-json\/wp\/v2\/product\/89308","targetHints":{"allow":["GET"]}}],"collection":[{"href":"https:\/\/www.ernstbrunn-apotheke.at\/katalog\/wp-json\/wp\/v2\/product"}],"about":[{"href":"https:\/\/www.ernstbrunn-apotheke.at\/katalog\/wp-json\/wp\/v2\/types\/product"}],"wp:featuredmedia":[{"embeddable":true,"href":"https:\/\/www.ernstbrunn-apotheke.at\/katalog\/wp-json\/wp\/v2\/media\/89310"}],"wp:attachment":[{"href":"https:\/\/www.ernstbrunn-apotheke.at\/katalog\/wp-json\/wp\/v2\/media?parent=89308"}],"wp:term":[{"taxonomy":"product_brand","embeddable":true,"href":"https:\/\/www.ernstbrunn-apotheke.at\/katalog\/wp-json\/wp\/v2\/product_brand?post=89308"},{"taxonomy":"product_cat","embeddable":true,"href":"https:\/\/www.ernstbrunn-apotheke.at\/katalog\/wp-json\/wp\/v2\/product_cat?post=89308"},{"taxonomy":"product_tag","embeddable":true,"href":"https:\/\/www.ernstbrunn-apotheke.at\/katalog\/wp-json\/wp\/v2\/product_tag?post=89308"}],"curies":[{"name":"wp","href":"https:\/\/api.w.org\/{rel}","templated":true}]}}