{"id":89238,"date":"2025-11-12T07:04:54","date_gmt":"2025-11-12T06:04:54","guid":{"rendered":"https:\/\/www.ernstbrunn-apotheke.at\/katalog\/produkt\/dermodrin-salbe-2\/"},"modified":"2025-12-08T20:16:12","modified_gmt":"2025-12-08T19:16:12","slug":"dermodrin-salbe-2","status":"publish","type":"product","link":"https:\/\/www.ernstbrunn-apotheke.at\/katalog\/produkt\/dermodrin-salbe-2\/","title":{"rendered":"Dermodrin Salbe"},"content":{"rendered":"<p>Dermodrin ist eine Antihistaminsalbe. Sie wirkt antiallergisch, juckreizstillend und k\u00fchlend und wird angewendet zur Behandlung von Juckreiz, lokalen Schmerzen und \u00dcberempfindlichkeitsreaktionen der Haut bei Allergien, Insektenstichen, Ekzemen, Nesselausschlag, juckenden Wundr\u00e4ndern und Hautabsch\u00fcrfungen, leichten Verbrennungen sowie Sonnenbrand und juckenden Hautausschl\u00e4gen nach Sonnenbestrahlung (Sonnenallergie).<\/p>\n","protected":false},"excerpt":{"rendered":"<p>Dermodrin ist eine Antihistaminsalbe. Sie wirkt antiallergisch, juckreizstillend und k\u00fchlend und wird angewendet zur Behandlung von Juckreiz, lokalen Schmerzen und \u00dcberempfindlichkeitsreaktionen der Haut bei Allergien, Insektenstichen, Ekzemen, Nesselausschlag, juckenden Wundr\u00e4ndern und Hautabsch\u00fcrfungen, leichten Verbrennungen sowie Sonnenbrand und juckenden Hautausschl\u00e4gen nach Sonnenbestrahlung (Sonnenallergie).<\/p>\n","protected":false},"featured_media":89240,"template":"","meta":{"_acf_changed":false},"product_brand":[],"product_cat":[792],"product_tag":[],"class_list":{"0":"post-89238","1":"product","2":"type-product","3":"status-publish","4":"has-post-thumbnail","6":"product_cat-d","7":"pa_packungsgroesse-100g","8":"pa_packungsgroesse-20g","10":"first","11":"instock","12":"shipping-taxable","13":"purchasable","14":"product-type-simple"},"acf":[],"_links":{"self":[{"href":"https:\/\/www.ernstbrunn-apotheke.at\/katalog\/wp-json\/wp\/v2\/product\/89238","targetHints":{"allow":["GET"]}}],"collection":[{"href":"https:\/\/www.ernstbrunn-apotheke.at\/katalog\/wp-json\/wp\/v2\/product"}],"about":[{"href":"https:\/\/www.ernstbrunn-apotheke.at\/katalog\/wp-json\/wp\/v2\/types\/product"}],"wp:featuredmedia":[{"embeddable":true,"href":"https:\/\/www.ernstbrunn-apotheke.at\/katalog\/wp-json\/wp\/v2\/media\/89240"}],"wp:attachment":[{"href":"https:\/\/www.ernstbrunn-apotheke.at\/katalog\/wp-json\/wp\/v2\/media?parent=89238"}],"wp:term":[{"taxonomy":"product_brand","embeddable":true,"href":"https:\/\/www.ernstbrunn-apotheke.at\/katalog\/wp-json\/wp\/v2\/product_brand?post=89238"},{"taxonomy":"product_cat","embeddable":true,"href":"https:\/\/www.ernstbrunn-apotheke.at\/katalog\/wp-json\/wp\/v2\/product_cat?post=89238"},{"taxonomy":"product_tag","embeddable":true,"href":"https:\/\/www.ernstbrunn-apotheke.at\/katalog\/wp-json\/wp\/v2\/product_tag?post=89238"}],"curies":[{"name":"wp","href":"https:\/\/api.w.org\/{rel}","templated":true}]}}