{"id":89172,"date":"2025-11-12T07:03:31","date_gmt":"2025-11-12T06:03:31","guid":{"rendered":"https:\/\/www.ernstbrunn-apotheke.at\/katalog\/produkt\/darphin-intral-air-mousse-cleanser-with-chamomille-125-ml\/"},"modified":"2025-12-08T20:15:44","modified_gmt":"2025-12-08T19:15:44","slug":"darphin-intral-air-mousse-cleanser-with-chamomille-125-ml","status":"publish","type":"product","link":"https:\/\/www.ernstbrunn-apotheke.at\/katalog\/produkt\/darphin-intral-air-mousse-cleanser-with-chamomille-125-ml\/","title":{"rendered":"Darphin Intral Air Mousse Cleanser with Chamomille 125 ml"},"content":{"rendered":"<p>Der Intral Air Mousse Cleaser with Chamomile von Darphin wurde speziell f\u00fcr gestresste Haut entwickelt. Die sanfte Formel ist mit Wei\u00dfdorn- und Kamille-Extrakten angereichert, die beruhigend auf sensible Haut wirken und Irritationen lindern. Make-up-Reste und Schmutzpartikel, die f\u00fcr vorzeitige Hautalterung verantwortlich sind, werden zuverl\u00e4ssig entfernt und die hauteigene Feuchtigkeitsbarriere gest\u00e4rkt.<\/p>\n","protected":false},"excerpt":{"rendered":"<p>Der Intral Air Mousse Cleaser with Chamomile von Darphin wurde speziell f\u00fcr gestresste Haut entwickelt. Die sanfte Formel ist mit Wei\u00dfdorn- und Kamille-Extrakten angereichert, die beruhigend auf sensible Haut wirken und Irritationen lindern. Make-up-Reste und Schmutzpartikel, die f\u00fcr vorzeitige Hautalterung verantwortlich sind, werden zuverl\u00e4ssig entfernt und die hauteigene Feuchtigkeitsbarriere gest\u00e4rkt.<\/p>\n","protected":false},"featured_media":89174,"template":"","meta":{"_acf_changed":false},"product_brand":[1325],"product_cat":[792],"product_tag":[],"class_list":{"0":"post-89172","1":"product","2":"type-product","3":"status-publish","4":"has-post-thumbnail","6":"product_brand-darphin","7":"product_cat-d","8":"pa_packungsgroesse-125ml","10":"first","11":"instock","12":"shipping-taxable","13":"purchasable","14":"product-type-simple"},"acf":[],"_links":{"self":[{"href":"https:\/\/www.ernstbrunn-apotheke.at\/katalog\/wp-json\/wp\/v2\/product\/89172","targetHints":{"allow":["GET"]}}],"collection":[{"href":"https:\/\/www.ernstbrunn-apotheke.at\/katalog\/wp-json\/wp\/v2\/product"}],"about":[{"href":"https:\/\/www.ernstbrunn-apotheke.at\/katalog\/wp-json\/wp\/v2\/types\/product"}],"wp:featuredmedia":[{"embeddable":true,"href":"https:\/\/www.ernstbrunn-apotheke.at\/katalog\/wp-json\/wp\/v2\/media\/89174"}],"wp:attachment":[{"href":"https:\/\/www.ernstbrunn-apotheke.at\/katalog\/wp-json\/wp\/v2\/media?parent=89172"}],"wp:term":[{"taxonomy":"product_brand","embeddable":true,"href":"https:\/\/www.ernstbrunn-apotheke.at\/katalog\/wp-json\/wp\/v2\/product_brand?post=89172"},{"taxonomy":"product_cat","embeddable":true,"href":"https:\/\/www.ernstbrunn-apotheke.at\/katalog\/wp-json\/wp\/v2\/product_cat?post=89172"},{"taxonomy":"product_tag","embeddable":true,"href":"https:\/\/www.ernstbrunn-apotheke.at\/katalog\/wp-json\/wp\/v2\/product_tag?post=89172"}],"curies":[{"name":"wp","href":"https:\/\/api.w.org\/{rel}","templated":true}]}}